{"id":1100,"date":"2021-03-10T12:11:54","date_gmt":"2021-03-10T11:11:54","guid":{"rendered":"http:\/\/hosting2248436.online.pro\/optimal\/?page_id=1100"},"modified":"2022-07-14T14:21:42","modified_gmt":"2022-07-14T12:21:42","slug":"contact","status":"publish","type":"page","link":"http:\/\/hosting2248436.online.pro\/optimal\/contact\/","title":{"rendered":"Contact"},"content":{"rendered":"\n<div class=\"wp-block-columns is-layout-flex wp-container-core-columns-is-layout-9d6595d7 wp-block-columns-is-layout-flex\">\n<div class=\"wp-block-column is-layout-flow wp-block-column-is-layout-flow\">\n<h4 class=\"wp-block-heading\">MOBILE WALLS<\/h4>\n\n\n\n<p>Sales:<\/p>\n\n\n\n<p><a href=\"mailto:mobilne@optimalpoland.com.pl\">mobilne@optimalpoland.com.pl<\/a><\/p>\n\n\n\n<p><a href=\"tel:+48817501033\">+48 81 750 10 33<\/a><\/p>\n\n\n\n<p><a href=\"http:\/\/tel.+48660554533\">+48 660 554 533<\/a><\/p>\n<\/div>\n\n\n\n<div class=\"wp-block-column is-layout-flow wp-block-column-is-layout-flow\">\n<h4 class=\"wp-block-heading\">FOR ARCHITECTS<\/h4>\n\n\n\n<p><a href=\"mailto:projektowanie@optimalpoland.com.pl\">projektowanie@optimalpoland.com.pl<\/a><\/p>\n\n\n\n<p><a href=\"tel:+48502595000\">+48 502 595 000<\/a><\/p>\n<\/div>\n\n\n\n<div class=\"wp-block-column is-layout-flow wp-block-column-is-layout-flow\">\n<h4 class=\"wp-block-heading\">FOR DEALERS <\/h4>\n\n\n\n<p><a href=\"mailto:kariera@optimalpoland.com.pl\">international@optimalpoland.com.pl<\/a><\/p>\n\n\n\n<p><a href=\"tel:+48501286402\">+48 501 286 402<\/a><\/p>\n<\/div>\n<\/div>\n\n\n\n<div class=\"wp-block-columns is-layout-flex wp-container-core-columns-is-layout-9d6595d7 wp-block-columns-is-layout-flex\">\n<div class=\"wp-block-column is-layout-flow wp-block-column-is-layout-flow\">\n<h4 class=\"wp-block-heading\">Mobile walls design<\/h4>\n\n\n\n<p><a href=\"mailto:projektowanie@optimalpoland.com.pl\">projektowanie@optimalpoland.com.pl<\/a><\/p>\n\n\n\n<p><a href=\"tel:+48734855570\">+48 734 855 570<\/a><\/p>\n\n\n\n<p><a href=\"tel:+48600613357\">+48 600 613 357<\/a><\/p>\n<\/div>\n\n\n\n<div class=\"wp-block-column is-layout-flow wp-block-column-is-layout-flow\"><\/div>\n\n\n\n<div class=\"wp-block-column is-layout-flow wp-block-column-is-layout-flow\"><\/div>\n<\/div>\n\n\n\n<div class=\"wp-block-contact-form-7-contact-form-selector\"><div role=\"form\" class=\"wpcf7\" id=\"wpcf7-f1105-o1\" lang=\"pl-PL\" dir=\"ltr\">\n<div class=\"screen-reader-response\"><p role=\"status\" aria-live=\"polite\" aria-atomic=\"true\"><\/p> <ul><\/ul><\/div>\n<form action=\"\/optimal\/wp-json\/wp\/v2\/pages\/1100#wpcf7-f1105-o1\" method=\"post\" class=\"wpcf7-form init\" novalidate=\"novalidate\" data-status=\"init\">\n<div style=\"display: none;\">\n<input type=\"hidden\" name=\"_wpcf7\" value=\"1105\" \/>\n<input type=\"hidden\" name=\"_wpcf7_version\" value=\"5.5.5\" \/>\n<input type=\"hidden\" name=\"_wpcf7_locale\" value=\"pl_PL\" \/>\n<input type=\"hidden\" name=\"_wpcf7_unit_tag\" value=\"wpcf7-f1105-o1\" \/>\n<input type=\"hidden\" name=\"_wpcf7_container_post\" value=\"0\" \/>\n<input type=\"hidden\" name=\"_wpcf7_posted_data_hash\" value=\"\" \/>\n<\/div>\n<p><label><br \/>\n<h2>please contact us<\/h2>\n<p><\/label><\/p>\n<p><label>first name and last name<br \/>\n<span class=\"wpcf7-form-control-wrap your-name\"><input type=\"text\" name=\"your-name\" value=\"\" size=\"40\" class=\"wpcf7-form-control wpcf7-text wpcf7-validates-as-required\" aria-required=\"true\" aria-invalid=\"false\" \/><\/span><\/label><\/p>\n<p><label>email<br \/>\n<span class=\"wpcf7-form-control-wrap your-email\"><input type=\"email\" name=\"your-email\" value=\"\" size=\"40\" class=\"wpcf7-form-control wpcf7-text wpcf7-email wpcf7-validates-as-required wpcf7-validates-as-email\" aria-required=\"true\" aria-invalid=\"false\" \/><\/span><\/label><\/p>\n<p><label>phone<br \/>\n<span class=\"wpcf7-form-control-wrap your-phone\"><input type=\"tel\" name=\"your-phone\" value=\"\" size=\"40\" class=\"wpcf7-form-control wpcf7-text wpcf7-tel wpcf7-validates-as-required wpcf7-validates-as-tel\" aria-required=\"true\" aria-invalid=\"false\" \/><\/span><\/label><\/p>\n<p><label>subject<br \/>\n<span class=\"wpcf7-form-control-wrap your-subject\"><input type=\"text\" name=\"your-subject\" value=\"\" size=\"40\" class=\"wpcf7-form-control wpcf7-text wpcf7-validates-as-required\" aria-required=\"true\" aria-invalid=\"false\" \/><\/span><\/label><\/p>\n<p><label>message<br \/>\n<span class=\"wpcf7-form-control-wrap your-message\"><textarea name=\"your-message\" cols=\"40\" rows=\"10\" class=\"wpcf7-form-control wpcf7-textarea\" aria-invalid=\"false\"><\/textarea><\/span><\/label><\/p>\n<p><label class=\"form-acceptance\"><span class=\"wpcf7-form-control-wrap przetwarzanie\"><span class=\"wpcf7-form-control wpcf7-acceptance\"><span class=\"wpcf7-list-item\"><input type=\"checkbox\" name=\"przetwarzanie\" value=\"1\" aria-invalid=\"false\" \/><\/span><\/span><\/span>&nbsp;&nbsp;O\u015bwiadczam, \u017ce zapozna\u0142em si\u0119 z <a href=\"\">Klauzul\u0105 informacyjn\u0105<\/a> i wyra\u017cam zgod\u0119 na przetwarzanie moich danych osobowych.<\/label><\/p>\n<p><input type=\"submit\" value=\"SEND\" class=\"wpcf7-form-control has-spinner wpcf7-submit\" \/><\/p>\n<div class=\"wpcf7-response-output\" aria-hidden=\"true\"><\/div><\/form><\/div><\/div>\n","protected":false},"excerpt":{"rendered":"<p>MOBILE WALLS Sales: mobilne@optimalpoland.com.pl +48 81 750 10 33 +48 660 554 533 FOR ARCHITECTS projektowanie@optimalpoland.com.pl +48 502 595 000 FOR DEALERS international@optimalpoland.com.pl +48 501 286 402 Mobile walls design projektowanie@optimalpoland.com.pl +48 734 855 570 +48 600 613 357<\/p>\n","protected":false},"author":1,"featured_media":0,"parent":0,"menu_order":0,"comment_status":"closed","ping_status":"closed","template":"","meta":{"footnotes":""},"class_list":["post-1100","page","type-page","status-publish","hentry","entry"],"acf":[],"_links":{"self":[{"href":"http:\/\/hosting2248436.online.pro\/optimal\/wp-json\/wp\/v2\/pages\/1100","targetHints":{"allow":["GET"]}}],"collection":[{"href":"http:\/\/hosting2248436.online.pro\/optimal\/wp-json\/wp\/v2\/pages"}],"about":[{"href":"http:\/\/hosting2248436.online.pro\/optimal\/wp-json\/wp\/v2\/types\/page"}],"author":[{"embeddable":true,"href":"http:\/\/hosting2248436.online.pro\/optimal\/wp-json\/wp\/v2\/users\/1"}],"replies":[{"embeddable":true,"href":"http:\/\/hosting2248436.online.pro\/optimal\/wp-json\/wp\/v2\/comments?post=1100"}],"version-history":[{"count":19,"href":"http:\/\/hosting2248436.online.pro\/optimal\/wp-json\/wp\/v2\/pages\/1100\/revisions"}],"predecessor-version":[{"id":1174,"href":"http:\/\/hosting2248436.online.pro\/optimal\/wp-json\/wp\/v2\/pages\/1100\/revisions\/1174"}],"wp:attachment":[{"href":"http:\/\/hosting2248436.online.pro\/optimal\/wp-json\/wp\/v2\/media?parent=1100"}],"curies":[{"name":"wp","href":"https:\/\/api.w.org\/{rel}","templated":true}]}}