{"id":437,"date":"2021-05-11T20:40:15","date_gmt":"2021-05-11T18:40:15","guid":{"rendered":"http:\/\/wip.pawelhadrian.com\/optimal\/?page_id=437"},"modified":"2021-11-29T10:17:13","modified_gmt":"2021-11-29T09:17:13","slug":"doswiadczenie-i-potencjal","status":"publish","type":"page","link":"http:\/\/hosting2248436.online.pro\/optimal\/doswiadczenie-i-potencjal\/","title":{"rendered":"Do\u015bwiadczenie i potencja\u0142"},"content":{"rendered":"\n<div class=\"wp-block-columns is-layout-flex wp-container-core-columns-is-layout-9d6595d7 wp-block-columns-is-layout-flex\">\n<div class=\"wp-block-column is-layout-flow wp-block-column-is-layout-flow\" style=\"flex-basis:50%\">\n<p>Na rynku \u015bcian przesuwnych i sta\u0142ych aluminiowo &#8211; szklanych dzia\u0142amy od 2004 roku.&nbsp;<\/p>\n\n\n\n<p>W ci\u0105gu tego czasu zbudowali\u015bmy ofert\u0119 firmy.<\/p>\n\n\n\n<p>Tylko w ostatnich trzech latach wyprodukowali\u015bmy i&nbsp; zainstalowali\u015bmy ponad 6000 \u015bcian przesuwnych. Swoje produkty instalujemy w ca\u0142ej Polsce i Europie.&nbsp;<\/p>\n\n\n\n<p>Nasze \u015bciany zamontowane s\u0105 r\u00f3wnie\u017c w hotelu na Polinezji Francuskiej \u2013 jednym z najdalej oddalonych od Polski miejsc naszej planety \u2013 24 godziny lotu samolotem.<\/p>\n\n\n\n<p>Nasze systemy powstaj\u0105 w naszej firmie, &nbsp;s\u0105 nasz\u0105 w\u0142asno\u015bci\u0105. Wszystkie elementy sk\u0142adowe system\u00f3w, wytwarzane s\u0105 tylko dla nas, na podstawie sta\u0142ych um\u00f3w i kontrakt\u00f3w z dostawcami.<\/p>\n<\/div>\n\n\n\n<div class=\"wp-block-column is-layout-flow wp-block-column-is-layout-flow\" style=\"flex-basis:50%\">\n<p>Nadzorowane zapasy strategiczne materia\u0142\u00f3w, potencja\u0142 produkcyjny sprawiaj\u0105, \u017ce jeste\u015bmy pewnym i elastycznym partnerem.<\/p>\n\n\n\n<p>W naszym zak\u0142adzie, tworzymy nowoczesne \u015bciany przesuwne i sta\u0142e aluminiowo \u2013 szklane.<\/p>\n\n\n\n<p>Realizujemy du\u017ce projekty dla najbardziej wymagaj\u0105cych. Jeste\u015bmy odpowiedzialnymi partnerami, oferujemy pewne produkty, kt\u00f3rych parametry i bezpiecze\u0144stwo potwierdzone jest przez Instytut Techniki Budowlanej.&nbsp;<\/p>\n\n\n\n<p>Posiadamy profesjonalne, wyspecjalizowane, w pe\u0142ni wyposa\u017cone zespo\u0142y monta\u017cowe, realizuj\u0105ce prace w najbardziej wymagaj\u0105cych projektach budowlanych.<\/p>\n\n\n\n<p>To nasza codzienno\u015b\u0107, nasza pasja, nasz kapita\u0142.&nbsp;<\/p>\n<\/div>\n<\/div>\n\n\n\n<div class=\"wp-block-group claim\"><div class=\"wp-block-group__inner-container is-layout-flow wp-block-group-is-layout-flow\">\n<div class=\"wp-block-columns is-layout-flex wp-container-core-columns-is-layout-9d6595d7 wp-block-columns-is-layout-flex\">\n<div class=\"wp-block-column is-layout-flow wp-block-column-is-layout-flow\">\n<figure class=\"wp-block-image size-large\"><a href=\"http:\/\/hosting2248436.online.pro\/optimal\/doswiadczenie-i-potencjal\/\"><img decoding=\"async\" width=\"1920\" height=\"700\" src=\"http:\/\/hosting2248436.online.pro\/optimal\/wp-content\/uploads\/2021\/05\/optimal-doswiadczenie.jpg\" alt=\"\" class=\"wp-image-471\" srcset=\"http:\/\/hosting2248436.online.pro\/optimal\/wp-content\/uploads\/2021\/05\/optimal-doswiadczenie.jpg 1920w, http:\/\/hosting2248436.online.pro\/optimal\/wp-content\/uploads\/2021\/05\/optimal-doswiadczenie-1280x467.jpg 1280w, http:\/\/hosting2248436.online.pro\/optimal\/wp-content\/uploads\/2021\/05\/optimal-doswiadczenie-768x280.jpg 768w, http:\/\/hosting2248436.online.pro\/optimal\/wp-content\/uploads\/2021\/05\/optimal-doswiadczenie-1536x560.jpg 1536w, http:\/\/hosting2248436.online.pro\/optimal\/wp-content\/uploads\/2021\/05\/optimal-doswiadczenie-1568x572.jpg 1568w\" sizes=\"(max-width: 1920px) 100vw, 1920px\" \/><\/a><figcaption><a href=\"http:\/\/hosting2248436.online.pro\/optimal\/doswiadczenie-i-potencjal\/\">Do\u015bwiadczenie i potencja\u0142<\/a><\/figcaption><\/figure>\n<\/div>\n\n\n\n<div class=\"wp-block-column is-layout-flow wp-block-column-is-layout-flow\">\n<figure class=\"wp-block-image size-large\"><img decoding=\"async\" width=\"1920\" height=\"700\" src=\"http:\/\/hosting2248436.online.pro\/optimal\/wp-content\/uploads\/2021\/05\/zrownowazony-rozwoj-1.jpg\" alt=\"\" class=\"wp-image-756\" srcset=\"http:\/\/hosting2248436.online.pro\/optimal\/wp-content\/uploads\/2021\/05\/zrownowazony-rozwoj-1.jpg 1920w, http:\/\/hosting2248436.online.pro\/optimal\/wp-content\/uploads\/2021\/05\/zrownowazony-rozwoj-1-1280x467.jpg 1280w, http:\/\/hosting2248436.online.pro\/optimal\/wp-content\/uploads\/2021\/05\/zrownowazony-rozwoj-1-768x280.jpg 768w, http:\/\/hosting2248436.online.pro\/optimal\/wp-content\/uploads\/2021\/05\/zrownowazony-rozwoj-1-1536x560.jpg 1536w, http:\/\/hosting2248436.online.pro\/optimal\/wp-content\/uploads\/2021\/05\/zrownowazony-rozwoj-1-1568x572.jpg 1568w\" sizes=\"(max-width: 1920px) 100vw, 1920px\" \/><figcaption><a href=\"http:\/\/hosting2248436.online.pro\/optimal\/zrownowazony-rozwoj\/\">Zr\u00f3wnowa\u017cony rozw\u00f3j<\/a><\/figcaption><\/figure>\n<\/div>\n\n\n\n<div class=\"wp-block-column is-layout-flow wp-block-column-is-layout-flow\">\n<figure class=\"wp-block-image size-full\"><img decoding=\"async\" width=\"1920\" height=\"700\" src=\"http:\/\/hosting2248436.online.pro\/optimal\/wp-content\/uploads\/2021\/05\/optimal-innowacyjnosc.jpg\" alt=\"\" class=\"wp-image-473\" srcset=\"http:\/\/hosting2248436.online.pro\/optimal\/wp-content\/uploads\/2021\/05\/optimal-innowacyjnosc.jpg 1920w, http:\/\/hosting2248436.online.pro\/optimal\/wp-content\/uploads\/2021\/05\/optimal-innowacyjnosc-1280x467.jpg 1280w, http:\/\/hosting2248436.online.pro\/optimal\/wp-content\/uploads\/2021\/05\/optimal-innowacyjnosc-768x280.jpg 768w, http:\/\/hosting2248436.online.pro\/optimal\/wp-content\/uploads\/2021\/05\/optimal-innowacyjnosc-1536x560.jpg 1536w, http:\/\/hosting2248436.online.pro\/optimal\/wp-content\/uploads\/2021\/05\/optimal-innowacyjnosc-1568x572.jpg 1568w\" sizes=\"(max-width: 1920px) 100vw, 1920px\" \/><figcaption><a href=\"http:\/\/hosting2248436.online.pro\/optimal\/innowacyjnosc\/\">Innowacyjno\u015b\u0107<\/a><\/figcaption><\/figure>\n<\/div>\n<\/div>\n<\/div><\/div>\n","protected":false},"excerpt":{"rendered":"<p>Na rynku \u015bcian przesuwnych i sta\u0142ych aluminiowo &#8211; szklanych dzia\u0142amy od 2004 roku.&nbsp; W ci\u0105gu tego czasu zbudowali\u015bmy ofert\u0119 firmy. Tylko w ostatnich trzech latach wyprodukowali\u015bmy i&nbsp; zainstalowali\u015bmy ponad 6000 \u015bcian przesuwnych. Swoje produkty instalujemy w ca\u0142ej Polsce i Europie.&nbsp; Nasze \u015bciany zamontowane s\u0105 r\u00f3wnie\u017c w hotelu na Polinezji Francuskiej \u2013 jednym z najdalej oddalonych&hellip; <a class=\"more-link\" href=\"http:\/\/hosting2248436.online.pro\/optimal\/doswiadczenie-i-potencjal\/\">Czytaj dalej <span class=\"screen-reader-text\">Do\u015bwiadczenie i potencja\u0142<\/span><\/a><\/p>\n","protected":false},"author":1,"featured_media":471,"parent":0,"menu_order":0,"comment_status":"closed","ping_status":"closed","template":"","meta":{"footnotes":""},"class_list":["post-437","page","type-page","status-publish","has-post-thumbnail","hentry","entry"],"acf":[],"_links":{"self":[{"href":"http:\/\/hosting2248436.online.pro\/optimal\/wp-json\/wp\/v2\/pages\/437","targetHints":{"allow":["GET"]}}],"collection":[{"href":"http:\/\/hosting2248436.online.pro\/optimal\/wp-json\/wp\/v2\/pages"}],"about":[{"href":"http:\/\/hosting2248436.online.pro\/optimal\/wp-json\/wp\/v2\/types\/page"}],"author":[{"embeddable":true,"href":"http:\/\/hosting2248436.online.pro\/optimal\/wp-json\/wp\/v2\/users\/1"}],"replies":[{"embeddable":true,"href":"http:\/\/hosting2248436.online.pro\/optimal\/wp-json\/wp\/v2\/comments?post=437"}],"version-history":[{"count":10,"href":"http:\/\/hosting2248436.online.pro\/optimal\/wp-json\/wp\/v2\/pages\/437\/revisions"}],"predecessor-version":[{"id":1108,"href":"http:\/\/hosting2248436.online.pro\/optimal\/wp-json\/wp\/v2\/pages\/437\/revisions\/1108"}],"wp:featuredmedia":[{"embeddable":true,"href":"http:\/\/hosting2248436.online.pro\/optimal\/wp-json\/wp\/v2\/media\/471"}],"wp:attachment":[{"href":"http:\/\/hosting2248436.online.pro\/optimal\/wp-json\/wp\/v2\/media?parent=437"}],"curies":[{"name":"wp","href":"https:\/\/api.w.org\/{rel}","templated":true}]}}