{"id":439,"date":"2021-05-11T20:40:54","date_gmt":"2021-05-11T18:40:54","guid":{"rendered":"http:\/\/wip.pawelhadrian.com\/optimal\/?page_id=439"},"modified":"2021-06-11T12:47:28","modified_gmt":"2021-06-11T10:47:28","slug":"innowacyjnosc","status":"publish","type":"page","link":"http:\/\/hosting2248436.online.pro\/optimal\/innowacyjnosc\/","title":{"rendered":"Innowacyjno\u015b\u0107"},"content":{"rendered":"\n<div class=\"wp-block-columns is-layout-flex wp-container-core-columns-is-layout-9d6595d7 wp-block-columns-is-layout-flex\">\n<div class=\"wp-block-column is-layout-flow wp-block-column-is-layout-flow\" style=\"flex-basis:50%\">\n<p>OPTIMAL Poland dzia\u0142a na rynku \u015bcian przesuwnych i sta\u0142ych aluminiowo szklanych od 2004 roku. Rozw\u00f3j, tworzenie nowych technologii jest wpisane w ka\u017cdy dzie\u0144 funkcjonowania firmy.&nbsp;<\/p>\n\n\n\n<p>S\u0142uchamy naszych Klient\u00f3w, to w\u0142a\u015bnie dzi\u0119ki Pa\u0144stwu tworzymy \u015bciany przesuwne i sta\u0142e, z kt\u00f3rych jeste\u015bmy dumni.<\/p>\n\n\n\n<p>W ramach realizowanych projekt\u00f3w wdro\u017ceniowych, nasi projektanci i technolodzy tworz\u0105 nowe produkty. To jest nasza codzienno\u015b\u0107, pasja, odpowiedzialno\u015b\u0107.<\/p>\n<\/div>\n\n\n\n<div class=\"wp-block-column is-layout-flow wp-block-column-is-layout-flow\" style=\"flex-basis:50%\">\n<p>Nasze nowe produkty, budowane s\u0105 w oparciu o pomys\u0142y projektant\u00f3w, potrzeby inwestor\u00f3w, wykonawc\u00f3w. Dzi\u0119ki Pa\u0144stwu, wyznaczamy standardy.&nbsp;<\/p>\n\n\n\n<p>Jako\u015b\u0107, bezpiecze\u0144stwo, odpowiedzialno\u015b\u0107 za wyr\u00f3b, parametry techniczne potwierdzamy w badaniach realizowanych w Instytucie Techniki Budowlanej.&nbsp;<\/p>\n\n\n\n<p>Wiedza, praca tw\u00f3rcza, nacisk na sta\u0142y rozw\u00f3j i doskonalenie jest kapita\u0142em naszej firmy.&nbsp;<\/p>\n<\/div>\n<\/div>\n\n\n\n<figure class=\"wp-block-image size-large\"><img decoding=\"async\" width=\"1920\" height=\"700\" src=\"http:\/\/hosting2248436.online.pro\/optimal\/wp-content\/uploads\/2021\/05\/optimal-bezpieczenstwo.jpg\" alt=\"\" class=\"wp-image-472\" srcset=\"http:\/\/hosting2248436.online.pro\/optimal\/wp-content\/uploads\/2021\/05\/optimal-bezpieczenstwo.jpg 1920w, http:\/\/hosting2248436.online.pro\/optimal\/wp-content\/uploads\/2021\/05\/optimal-bezpieczenstwo-1280x467.jpg 1280w, http:\/\/hosting2248436.online.pro\/optimal\/wp-content\/uploads\/2021\/05\/optimal-bezpieczenstwo-768x280.jpg 768w, http:\/\/hosting2248436.online.pro\/optimal\/wp-content\/uploads\/2021\/05\/optimal-bezpieczenstwo-1536x560.jpg 1536w, http:\/\/hosting2248436.online.pro\/optimal\/wp-content\/uploads\/2021\/05\/optimal-bezpieczenstwo-1568x572.jpg 1568w\" sizes=\"(max-width: 1920px) 100vw, 1920px\" \/><\/figure>\n\n\n\n<div class=\"wp-block-group claim\"><div class=\"wp-block-group__inner-container is-layout-flow wp-block-group-is-layout-flow\">\n<div class=\"wp-block-columns is-layout-flex wp-container-core-columns-is-layout-9d6595d7 wp-block-columns-is-layout-flex\">\n<div class=\"wp-block-column is-layout-flow wp-block-column-is-layout-flow\">\n<figure class=\"wp-block-image size-large\"><a href=\"http:\/\/hosting2248436.online.pro\/optimal\/doswiadczenie-i-potencjal\/\"><img decoding=\"async\" width=\"1920\" height=\"700\" src=\"http:\/\/hosting2248436.online.pro\/optimal\/wp-content\/uploads\/2021\/05\/optimal-doswiadczenie.jpg\" alt=\"\" class=\"wp-image-471\" srcset=\"http:\/\/hosting2248436.online.pro\/optimal\/wp-content\/uploads\/2021\/05\/optimal-doswiadczenie.jpg 1920w, http:\/\/hosting2248436.online.pro\/optimal\/wp-content\/uploads\/2021\/05\/optimal-doswiadczenie-1280x467.jpg 1280w, http:\/\/hosting2248436.online.pro\/optimal\/wp-content\/uploads\/2021\/05\/optimal-doswiadczenie-768x280.jpg 768w, http:\/\/hosting2248436.online.pro\/optimal\/wp-content\/uploads\/2021\/05\/optimal-doswiadczenie-1536x560.jpg 1536w, http:\/\/hosting2248436.online.pro\/optimal\/wp-content\/uploads\/2021\/05\/optimal-doswiadczenie-1568x572.jpg 1568w\" sizes=\"(max-width: 1920px) 100vw, 1920px\" \/><\/a><figcaption><a href=\"http:\/\/hosting2248436.online.pro\/optimal\/doswiadczenie-i-potencjal\/\">Do\u015bwiadczenie i potencja\u0142<\/a><\/figcaption><\/figure>\n<\/div>\n\n\n\n<div class=\"wp-block-column is-layout-flow wp-block-column-is-layout-flow\">\n<figure class=\"wp-block-image size-large\"><img decoding=\"async\" width=\"1920\" height=\"700\" src=\"http:\/\/hosting2248436.online.pro\/optimal\/wp-content\/uploads\/2021\/05\/zrownowazony-rozwoj-1.jpg\" alt=\"\" class=\"wp-image-756\" srcset=\"http:\/\/hosting2248436.online.pro\/optimal\/wp-content\/uploads\/2021\/05\/zrownowazony-rozwoj-1.jpg 1920w, http:\/\/hosting2248436.online.pro\/optimal\/wp-content\/uploads\/2021\/05\/zrownowazony-rozwoj-1-1280x467.jpg 1280w, http:\/\/hosting2248436.online.pro\/optimal\/wp-content\/uploads\/2021\/05\/zrownowazony-rozwoj-1-768x280.jpg 768w, http:\/\/hosting2248436.online.pro\/optimal\/wp-content\/uploads\/2021\/05\/zrownowazony-rozwoj-1-1536x560.jpg 1536w, http:\/\/hosting2248436.online.pro\/optimal\/wp-content\/uploads\/2021\/05\/zrownowazony-rozwoj-1-1568x572.jpg 1568w\" sizes=\"(max-width: 1920px) 100vw, 1920px\" \/><figcaption><a href=\"http:\/\/hosting2248436.online.pro\/optimal\/zrownowazony-rozwoj\/\">Zr\u00f3wnowa\u017cony rozw\u00f3j<\/a><\/figcaption><\/figure>\n<\/div>\n\n\n\n<div class=\"wp-block-column is-layout-flow wp-block-column-is-layout-flow\">\n<figure class=\"wp-block-image size-full\"><img decoding=\"async\" width=\"1920\" height=\"700\" src=\"http:\/\/hosting2248436.online.pro\/optimal\/wp-content\/uploads\/2021\/05\/optimal-innowacyjnosc.jpg\" alt=\"\" class=\"wp-image-473\" srcset=\"http:\/\/hosting2248436.online.pro\/optimal\/wp-content\/uploads\/2021\/05\/optimal-innowacyjnosc.jpg 1920w, http:\/\/hosting2248436.online.pro\/optimal\/wp-content\/uploads\/2021\/05\/optimal-innowacyjnosc-1280x467.jpg 1280w, http:\/\/hosting2248436.online.pro\/optimal\/wp-content\/uploads\/2021\/05\/optimal-innowacyjnosc-768x280.jpg 768w, http:\/\/hosting2248436.online.pro\/optimal\/wp-content\/uploads\/2021\/05\/optimal-innowacyjnosc-1536x560.jpg 1536w, http:\/\/hosting2248436.online.pro\/optimal\/wp-content\/uploads\/2021\/05\/optimal-innowacyjnosc-1568x572.jpg 1568w\" sizes=\"(max-width: 1920px) 100vw, 1920px\" \/><figcaption><a href=\"http:\/\/hosting2248436.online.pro\/optimal\/innowacyjnosc\/\">Innowacyjno\u015b\u0107<\/a><\/figcaption><\/figure>\n<\/div>\n<\/div>\n<\/div><\/div>\n","protected":false},"excerpt":{"rendered":"<p>OPTIMAL Poland dzia\u0142a na rynku \u015bcian przesuwnych i sta\u0142ych aluminiowo szklanych od 2004 roku. Rozw\u00f3j, tworzenie nowych technologii jest wpisane w ka\u017cdy dzie\u0144 funkcjonowania firmy.&nbsp; S\u0142uchamy naszych Klient\u00f3w, to w\u0142a\u015bnie dzi\u0119ki Pa\u0144stwu tworzymy \u015bciany przesuwne i sta\u0142e, z kt\u00f3rych jeste\u015bmy dumni. W ramach realizowanych projekt\u00f3w wdro\u017ceniowych, nasi projektanci i technolodzy tworz\u0105 nowe produkty. To jest&hellip; <a class=\"more-link\" href=\"http:\/\/hosting2248436.online.pro\/optimal\/innowacyjnosc\/\">Czytaj dalej <span class=\"screen-reader-text\">Innowacyjno\u015b\u0107<\/span><\/a><\/p>\n","protected":false},"author":1,"featured_media":473,"parent":0,"menu_order":0,"comment_status":"closed","ping_status":"closed","template":"","meta":{"footnotes":""},"class_list":["post-439","page","type-page","status-publish","has-post-thumbnail","hentry","entry"],"acf":[],"_links":{"self":[{"href":"http:\/\/hosting2248436.online.pro\/optimal\/wp-json\/wp\/v2\/pages\/439","targetHints":{"allow":["GET"]}}],"collection":[{"href":"http:\/\/hosting2248436.online.pro\/optimal\/wp-json\/wp\/v2\/pages"}],"about":[{"href":"http:\/\/hosting2248436.online.pro\/optimal\/wp-json\/wp\/v2\/types\/page"}],"author":[{"embeddable":true,"href":"http:\/\/hosting2248436.online.pro\/optimal\/wp-json\/wp\/v2\/users\/1"}],"replies":[{"embeddable":true,"href":"http:\/\/hosting2248436.online.pro\/optimal\/wp-json\/wp\/v2\/comments?post=439"}],"version-history":[{"count":10,"href":"http:\/\/hosting2248436.online.pro\/optimal\/wp-json\/wp\/v2\/pages\/439\/revisions"}],"predecessor-version":[{"id":891,"href":"http:\/\/hosting2248436.online.pro\/optimal\/wp-json\/wp\/v2\/pages\/439\/revisions\/891"}],"wp:featuredmedia":[{"embeddable":true,"href":"http:\/\/hosting2248436.online.pro\/optimal\/wp-json\/wp\/v2\/media\/473"}],"wp:attachment":[{"href":"http:\/\/hosting2248436.online.pro\/optimal\/wp-json\/wp\/v2\/media?parent=439"}],"curies":[{"name":"wp","href":"https:\/\/api.w.org\/{rel}","templated":true}]}}