{"id":281,"date":"2021-04-15T15:53:56","date_gmt":"2021-04-15T13:53:56","guid":{"rendered":"http:\/\/wip.pawelhadrian.com\/optimal\/?post_type=product&#038;p=281"},"modified":"2021-06-24T19:13:16","modified_gmt":"2021-06-24T17:13:16","slug":"sciany-mobilne-optimal-50-glass","status":"publish","type":"product","link":"http:\/\/hosting2248436.online.pro\/optimal\/sciany-mobilne-optimal-50-glass\/","title":{"rendered":"Optimal 50 Glass"},"content":{"rendered":"\n<div class=\"wp-block-columns is-layout-flex wp-container-core-columns-is-layout-9d6595d7 wp-block-columns-is-layout-flex\">\n<div class=\"wp-block-column is-layout-flow wp-block-column-is-layout-flow\">\n<h1 class=\"wp-block-heading\"><strong>\u015aciana Mobilna Optimal 50 Glass<\/strong><\/h1>\n\n\n\n<p>Optimal 50 jest eleganckim, delikatnym systemem aluminiowych&nbsp; \u015bcian przesuwnych. Doskonale komponuj\u0105 si\u0119&nbsp; w nowoczesny wystr\u00f3j pomieszcze\u0144 biurowych.&nbsp;<\/p>\n\n\n\n<p>Optimal 50, szczeg\u00f3lnie polecany jest Klientom, kt\u00f3rym zale\u017cy przede wszystkim na funkcji szybkiego i estetycznego podzia\u0142u powierzchni.&nbsp;<\/p>\n\n\n\n<p>Zgodnie z badaniami przeprowadzonymi przez Instytut Techniki Budowlanej w Warszawie, \u015bciany OPTIMAL 50 z modu\u0142ami wype\u0142nionymi p\u0142yt\u0105 meblow\u0105 grubo\u015bci 18mm, posiadaj\u0105 d\u017awi\u0119koizolacyjno\u015b\u0107 akustyczn\u0105 Rw=32dB.<\/p>\n\n\n\n<p><\/p>\n\n\n\n<p><\/p>\n<\/div>\n\n\n\n<div class=\"wp-block-column is-layout-flow wp-block-column-is-layout-flow\">\n<p><strong>D\u017awi\u0119koizolacyjno\u015b\u0107 \u2013 zgodnie z badaniami ITB<\/strong><\/p>\n\n\n\n<ul class=\"wp-block-list\"><li>Rw 32dB \u2013 dla \u015bcian z modu\u0142ami wype\u0142nionymi p\u0142yt\u0105 meblow\u0105<\/li><li>Rw 33dB \u2013 dla \u015bcian z modu\u0142ami wype\u0142nionymi laminowanym szk\u0142em bezpiecznym<\/li><\/ul>\n\n\n\n<p><strong>Wersje \/ wyposa\u017cenie \/ opcje<\/strong><\/p>\n\n\n\n<ul class=\"wp-block-list\"><li>\u015aciany systemu Optimal 50 mog\u0105 by\u0107 wyposa\u017cone w modu\u0142y drzwiowe.<\/li><\/ul>\n\n\n\n<p><strong>Niezapalno\u015b\u0107<\/strong>&nbsp;<\/p>\n\n\n\n<ul class=\"wp-block-list\"><li>w opcji <\/li><li>klasa reakcji na ogie\u0144 Bs1;D0 \u2013 potwierdzona przez ITB&nbsp;<\/li><\/ul>\n\n\n\n<p><\/p>\n<\/div>\n<\/div>\n\n\n\n<figure class=\"wp-block-gallery columns-3 is-cropped wp-block-gallery-1 is-layout-flex wp-block-gallery-is-layout-flex\"><ul class=\"blocks-gallery-grid\"><li class=\"blocks-gallery-item\"><figure><a href=\"http:\/\/hosting2248436.online.pro\/optimal\/wp-content\/uploads\/2021\/04\/50-3.jpg\"><img decoding=\"async\" width=\"1920\" height=\"1080\" src=\"http:\/\/hosting2248436.online.pro\/optimal\/wp-content\/uploads\/2021\/04\/50-3.jpg\" alt=\"\" data-id=\"677\" data-full-url=\"http:\/\/hosting2248436.online.pro\/optimal\/wp-content\/uploads\/2021\/04\/50-3.jpg\" data-link=\"http:\/\/hosting2248436.online.pro\/optimal\/optimal-50\/50-3\/\" class=\"wp-image-677\" srcset=\"http:\/\/hosting2248436.online.pro\/optimal\/wp-content\/uploads\/2021\/04\/50-3.jpg 1920w, http:\/\/hosting2248436.online.pro\/optimal\/wp-content\/uploads\/2021\/04\/50-3-1280x720.jpg 1280w, http:\/\/hosting2248436.online.pro\/optimal\/wp-content\/uploads\/2021\/04\/50-3-768x432.jpg 768w, http:\/\/hosting2248436.online.pro\/optimal\/wp-content\/uploads\/2021\/04\/50-3-1536x864.jpg 1536w, http:\/\/hosting2248436.online.pro\/optimal\/wp-content\/uploads\/2021\/04\/50-3-1568x882.jpg 1568w\" sizes=\"(max-width: 1920px) 100vw, 1920px\" \/><\/a><\/figure><\/li><li class=\"blocks-gallery-item\"><figure><a href=\"http:\/\/hosting2248436.online.pro\/optimal\/wp-content\/uploads\/2021\/04\/50-2.jpg\"><img decoding=\"async\" width=\"1920\" height=\"1080\" src=\"http:\/\/hosting2248436.online.pro\/optimal\/wp-content\/uploads\/2021\/04\/50-2.jpg\" alt=\"\" data-id=\"676\" data-full-url=\"http:\/\/hosting2248436.online.pro\/optimal\/wp-content\/uploads\/2021\/04\/50-2.jpg\" data-link=\"http:\/\/hosting2248436.online.pro\/optimal\/optimal-50\/50-2\/\" class=\"wp-image-676\" srcset=\"http:\/\/hosting2248436.online.pro\/optimal\/wp-content\/uploads\/2021\/04\/50-2.jpg 1920w, http:\/\/hosting2248436.online.pro\/optimal\/wp-content\/uploads\/2021\/04\/50-2-1280x720.jpg 1280w, http:\/\/hosting2248436.online.pro\/optimal\/wp-content\/uploads\/2021\/04\/50-2-768x432.jpg 768w, http:\/\/hosting2248436.online.pro\/optimal\/wp-content\/uploads\/2021\/04\/50-2-1536x864.jpg 1536w, http:\/\/hosting2248436.online.pro\/optimal\/wp-content\/uploads\/2021\/04\/50-2-1568x882.jpg 1568w\" sizes=\"(max-width: 1920px) 100vw, 1920px\" \/><\/a><\/figure><\/li><li class=\"blocks-gallery-item\"><figure><a href=\"http:\/\/hosting2248436.online.pro\/optimal\/wp-content\/uploads\/2021\/04\/50-1-g.jpg\"><img decoding=\"async\" width=\"1920\" height=\"1080\" src=\"http:\/\/hosting2248436.online.pro\/optimal\/wp-content\/uploads\/2021\/04\/50-1-g.jpg\" alt=\"\" data-id=\"675\" data-full-url=\"http:\/\/hosting2248436.online.pro\/optimal\/wp-content\/uploads\/2021\/04\/50-1-g.jpg\" data-link=\"http:\/\/hosting2248436.online.pro\/optimal\/optimal-50\/50-1-g\/\" class=\"wp-image-675\" srcset=\"http:\/\/hosting2248436.online.pro\/optimal\/wp-content\/uploads\/2021\/04\/50-1-g.jpg 1920w, http:\/\/hosting2248436.online.pro\/optimal\/wp-content\/uploads\/2021\/04\/50-1-g-1280x720.jpg 1280w, http:\/\/hosting2248436.online.pro\/optimal\/wp-content\/uploads\/2021\/04\/50-1-g-768x432.jpg 768w, http:\/\/hosting2248436.online.pro\/optimal\/wp-content\/uploads\/2021\/04\/50-1-g-1536x864.jpg 1536w, http:\/\/hosting2248436.online.pro\/optimal\/wp-content\/uploads\/2021\/04\/50-1-g-1568x882.jpg 1568w\" sizes=\"(max-width: 1920px) 100vw, 1920px\" \/><\/a><\/figure><\/li><\/ul><\/figure>\n","protected":false},"template":"","meta":{"footnotes":""},"product_category":[65,53,67],"class_list":["post-281","product","type-product","status-publish","hentry","product_category-sciany-mobilne-optimal-50-kategoria","product_category-sciany-mobilne","product_category-sciany-szklane","entry"],"acf":[],"_links":{"self":[{"href":"http:\/\/hosting2248436.online.pro\/optimal\/wp-json\/wp\/v2\/product\/281","targetHints":{"allow":["GET"]}}],"collection":[{"href":"http:\/\/hosting2248436.online.pro\/optimal\/wp-json\/wp\/v2\/product"}],"about":[{"href":"http:\/\/hosting2248436.online.pro\/optimal\/wp-json\/wp\/v2\/types\/product"}],"version-history":[{"count":9,"href":"http:\/\/hosting2248436.online.pro\/optimal\/wp-json\/wp\/v2\/product\/281\/revisions"}],"predecessor-version":[{"id":966,"href":"http:\/\/hosting2248436.online.pro\/optimal\/wp-json\/wp\/v2\/product\/281\/revisions\/966"}],"wp:attachment":[{"href":"http:\/\/hosting2248436.online.pro\/optimal\/wp-json\/wp\/v2\/media?parent=281"}],"wp:term":[{"taxonomy":"product_category","embeddable":true,"href":"http:\/\/hosting2248436.online.pro\/optimal\/wp-json\/wp\/v2\/product_category?post=281"}],"curies":[{"name":"wp","href":"https:\/\/api.w.org\/{rel}","templated":true}]}}