{"id":283,"date":"2021-04-15T16:09:10","date_gmt":"2021-04-15T14:09:10","guid":{"rendered":"http:\/\/wip.pawelhadrian.com\/optimal\/?post_type=product&#038;p=283"},"modified":"2021-06-24T19:32:01","modified_gmt":"2021-06-24T17:32:01","slug":"sciany-mobilne-optimal-110","status":"publish","type":"product","link":"http:\/\/hosting2248436.online.pro\/optimal\/sciany-mobilne-optimal-110\/","title":{"rendered":"Optimal 110"},"content":{"rendered":"\n<div class=\"wp-block-columns is-layout-flex wp-container-core-columns-is-layout-9d6595d7 wp-block-columns-is-layout-flex\">\n<div class=\"wp-block-column is-layout-flow wp-block-column-is-layout-flow\">\n<h1 class=\"wp-block-heading\"><strong>\u015aciana Mobilna Optimal 110<\/strong><\/h1>\n\n\n\n<p>Optimal 110 jest nowoczesnym systemem \u015bcian przesuwnych dla najbardziej wymagaj\u0105cych klient\u00f3w. <\/p>\n\n\n\n<p>Wieloletnie do\u015bwiadczenie naszej firmy, tysi\u0105ce zainstalowanych \u015bcian, wsp\u00f3\u0142praca z u\u017cytkownikami, projektantami i dostawcami sprawi\u0142a, \u017ce Optimal 110 jest systemem dopracowanym, niezawodnym, spe\u0142niaj\u0105cym oczekiwania funkcjonalne i estetyczne profesjonalist\u00f3w.&nbsp;<\/p>\n\n\n\n<p>Optimal 110 jest systemem sprawdzonym w salach konferencyjnych renomowanych hoteli oraz biur &#8211; w miejscach, gdzie dyskrecja, pewno\u015b\u0107, prostota i szybko\u015b\u0107 obs\u0142ugi, nie pozostawiaj\u0105 pola dla kompromis\u00f3w.&nbsp; \u015aciany mobilne Optimal 110 sprawdzaj\u0105 si\u0119 r\u00f3wnie\u017c na aulach wyk\u0142adowych.&nbsp;<\/p>\n\n\n\n<p>Budowa modu\u0142\u00f3w \u015bcian przesuwnych Optimal 110, pozwala na pokrycie tapet\u0105, zgodnie z wystrojem wn\u0119trza. Modu\u0142y \u015bcian Optimal 110 mog\u0105 by\u0107 wyposa\u017cone w ok\u0142adziny zewn\u0119trzne, pe\u0142ni\u0105ce funkcje magnetycznych tablic sucho\u015bcieralnych, co dodatkowo zwi\u0119ksza wszechstronno\u015b\u0107 uzyskanych powsta\u0142ych po roz\u0142o\u017ceniu \u015bcian pomieszcze\u0144. Budowa modu\u0142u umo\u017cliwia zastosowanie dowolnej p\u0142yty ok\u0142adzinowej, zgodnej z klasyfikacj\u0105.&nbsp;<\/p>\n\n\n\n<p>Modu\u0142y \u015bciany przesuwnej Optimal 110 mog\u0105 by\u0107 zawiadywane manualnie lub p\u00f3\u0142automatycznie. W wersji p\u00f3\u0142automatycznej, modu\u0142 \u015bciany przesuwnej, po dotkni\u0119ciu do poprzedniego modu\u0142u, rozpiera si\u0119 automatycznie.&nbsp;<\/p>\n\n\n\n<p>Dost\u0119pne s\u0105 r\u00f3wnie\u017c modu\u0142y przeszklone.&nbsp;<\/p>\n\n\n\n<p>System ten dost\u0119pny jest r\u00f3wnie\u017c w wersji przeciwpo\u017carowej o odporno\u015bci ogniowej Ei30.<\/p>\n<\/div>\n\n\n\n<div class=\"wp-block-column is-layout-flow wp-block-column-is-layout-flow\">\n<p><strong>D\u017awi\u0119koizolacyjno\u015b\u0107<\/strong><\/p>\n\n\n\n<ul class=\"wp-block-list\"><li>Rw: 42dB \/ 46dB \/ 47dB \/ 50dB<\/li><\/ul>\n\n\n\n<p><strong>Niezapalno\u015b\u0107<\/strong><\/p>\n\n\n\n<ul class=\"wp-block-list\"><li>opcjonalnie \u2013 NRO zgodnie z norm\u0105 PN-EN 13501-1:2019<\/li><\/ul>\n\n\n\n<p><strong>Wersje \/ wyposa\u017cenie \/ opcje<\/strong><\/p>\n\n\n\n<ul class=\"wp-block-list\"><li>manual \/ p\u00f3\u0142automat<\/li><li>modu\u0142y drzwiowe jednoskrzyd\u0142owe \/ dwuskrzyd\u0142owe<\/li><li>skrzyd\u0142a drzwiowe jednoskrzyd\u0142owe i dwuskrzyd\u0142owe, wyposa\u017cone w d\u017awignie antypaniczne<\/li><\/ul>\n\n\n\n<p><strong>Zewn\u0119trzne p\u0142yty ok\u0142adzinowe<\/strong><\/p>\n\n\n\n<ul class=\"wp-block-list\"><li>standard: p\u0142yta meblowa grubo\u015b\u0107 18mm, dekor z palety SwissKrono ONE<\/li><li>opcjonalnie:&nbsp;p\u0142yta meblowa fornirowana, HPL, tablica magnetyczna sucho\u015bcieralna lub inna p\u0142yta grubo\u015bci 18 mm<\/li><\/ul>\n<\/div>\n<\/div>\n\n\n\n<figure class=\"wp-block-gallery columns-3 is-cropped wp-block-gallery-1 is-layout-flex wp-block-gallery-is-layout-flex\"><ul class=\"blocks-gallery-grid\"><li class=\"blocks-gallery-item\"><figure><a href=\"http:\/\/hosting2248436.online.pro\/optimal\/wp-content\/uploads\/2021\/04\/110-1-g.jpg\"><img decoding=\"async\" width=\"1920\" height=\"1080\" src=\"http:\/\/hosting2248436.online.pro\/optimal\/wp-content\/uploads\/2021\/04\/110-1-g.jpg\" alt=\"\" data-id=\"681\" data-full-url=\"http:\/\/hosting2248436.online.pro\/optimal\/wp-content\/uploads\/2021\/04\/110-1-g.jpg\" data-link=\"http:\/\/hosting2248436.online.pro\/optimal\/optimal-110\/110-1-g\/\" class=\"wp-image-681\" srcset=\"http:\/\/hosting2248436.online.pro\/optimal\/wp-content\/uploads\/2021\/04\/110-1-g.jpg 1920w, http:\/\/hosting2248436.online.pro\/optimal\/wp-content\/uploads\/2021\/04\/110-1-g-1280x720.jpg 1280w, http:\/\/hosting2248436.online.pro\/optimal\/wp-content\/uploads\/2021\/04\/110-1-g-768x432.jpg 768w, http:\/\/hosting2248436.online.pro\/optimal\/wp-content\/uploads\/2021\/04\/110-1-g-1536x864.jpg 1536w, http:\/\/hosting2248436.online.pro\/optimal\/wp-content\/uploads\/2021\/04\/110-1-g-1568x882.jpg 1568w\" sizes=\"(max-width: 1920px) 100vw, 1920px\" \/><\/a><\/figure><\/li><li class=\"blocks-gallery-item\"><figure><a href=\"http:\/\/hosting2248436.online.pro\/optimal\/wp-content\/uploads\/2021\/05\/110-2-wymiana.jpg\"><img decoding=\"async\" width=\"1920\" height=\"1080\" src=\"http:\/\/hosting2248436.online.pro\/optimal\/wp-content\/uploads\/2021\/05\/110-2-wymiana.jpg\" alt=\"\" data-id=\"744\" data-full-url=\"http:\/\/hosting2248436.online.pro\/optimal\/wp-content\/uploads\/2021\/05\/110-2-wymiana.jpg\" data-link=\"http:\/\/hosting2248436.online.pro\/optimal\/dzialowe-sciany-mobilne-przesuwne-szklane\/110-2-wymiana\/\" class=\"wp-image-744\" srcset=\"http:\/\/hosting2248436.online.pro\/optimal\/wp-content\/uploads\/2021\/05\/110-2-wymiana.jpg 1920w, http:\/\/hosting2248436.online.pro\/optimal\/wp-content\/uploads\/2021\/05\/110-2-wymiana-1280x720.jpg 1280w, http:\/\/hosting2248436.online.pro\/optimal\/wp-content\/uploads\/2021\/05\/110-2-wymiana-768x432.jpg 768w, http:\/\/hosting2248436.online.pro\/optimal\/wp-content\/uploads\/2021\/05\/110-2-wymiana-1536x864.jpg 1536w, http:\/\/hosting2248436.online.pro\/optimal\/wp-content\/uploads\/2021\/05\/110-2-wymiana-1568x882.jpg 1568w\" sizes=\"(max-width: 1920px) 100vw, 1920px\" \/><\/a><\/figure><\/li><li class=\"blocks-gallery-item\"><figure><a href=\"http:\/\/hosting2248436.online.pro\/optimal\/wp-content\/uploads\/2021\/04\/110-3-1.jpg\"><img decoding=\"async\" width=\"1920\" height=\"1080\" src=\"http:\/\/hosting2248436.online.pro\/optimal\/wp-content\/uploads\/2021\/04\/110-3-1.jpg\" alt=\"\" data-id=\"684\" data-full-url=\"http:\/\/hosting2248436.online.pro\/optimal\/wp-content\/uploads\/2021\/04\/110-3-1.jpg\" data-link=\"http:\/\/hosting2248436.online.pro\/optimal\/optimal-110\/110-3-2\/\" class=\"wp-image-684\" srcset=\"http:\/\/hosting2248436.online.pro\/optimal\/wp-content\/uploads\/2021\/04\/110-3-1.jpg 1920w, http:\/\/hosting2248436.online.pro\/optimal\/wp-content\/uploads\/2021\/04\/110-3-1-1280x720.jpg 1280w, http:\/\/hosting2248436.online.pro\/optimal\/wp-content\/uploads\/2021\/04\/110-3-1-768x432.jpg 768w, http:\/\/hosting2248436.online.pro\/optimal\/wp-content\/uploads\/2021\/04\/110-3-1-1536x864.jpg 1536w, http:\/\/hosting2248436.online.pro\/optimal\/wp-content\/uploads\/2021\/04\/110-3-1-1568x882.jpg 1568w\" sizes=\"(max-width: 1920px) 100vw, 1920px\" \/><\/a><\/figure><\/li><li class=\"blocks-gallery-item\"><figure><a href=\"http:\/\/hosting2248436.online.pro\/optimal\/wp-content\/uploads\/2021\/04\/110-4-1.jpg\"><img decoding=\"async\" width=\"1920\" height=\"1080\" src=\"http:\/\/hosting2248436.online.pro\/optimal\/wp-content\/uploads\/2021\/04\/110-4-1.jpg\" alt=\"\" data-id=\"685\" data-full-url=\"http:\/\/hosting2248436.online.pro\/optimal\/wp-content\/uploads\/2021\/04\/110-4-1.jpg\" data-link=\"http:\/\/hosting2248436.online.pro\/optimal\/optimal-110\/110-4-2\/\" class=\"wp-image-685\" srcset=\"http:\/\/hosting2248436.online.pro\/optimal\/wp-content\/uploads\/2021\/04\/110-4-1.jpg 1920w, http:\/\/hosting2248436.online.pro\/optimal\/wp-content\/uploads\/2021\/04\/110-4-1-1280x720.jpg 1280w, http:\/\/hosting2248436.online.pro\/optimal\/wp-content\/uploads\/2021\/04\/110-4-1-768x432.jpg 768w, http:\/\/hosting2248436.online.pro\/optimal\/wp-content\/uploads\/2021\/04\/110-4-1-1536x864.jpg 1536w, http:\/\/hosting2248436.online.pro\/optimal\/wp-content\/uploads\/2021\/04\/110-4-1-1568x882.jpg 1568w\" sizes=\"(max-width: 1920px) 100vw, 1920px\" \/><\/a><\/figure><\/li><li class=\"blocks-gallery-item\"><figure><a href=\"http:\/\/hosting2248436.online.pro\/optimal\/wp-content\/uploads\/2021\/04\/110-5-1.jpg\"><img decoding=\"async\" width=\"1920\" height=\"1080\" src=\"http:\/\/hosting2248436.online.pro\/optimal\/wp-content\/uploads\/2021\/04\/110-5-1.jpg\" alt=\"\" data-id=\"686\" data-full-url=\"http:\/\/hosting2248436.online.pro\/optimal\/wp-content\/uploads\/2021\/04\/110-5-1.jpg\" data-link=\"http:\/\/hosting2248436.online.pro\/optimal\/optimal-110\/110-5-2\/\" class=\"wp-image-686\" srcset=\"http:\/\/hosting2248436.online.pro\/optimal\/wp-content\/uploads\/2021\/04\/110-5-1.jpg 1920w, http:\/\/hosting2248436.online.pro\/optimal\/wp-content\/uploads\/2021\/04\/110-5-1-1280x720.jpg 1280w, http:\/\/hosting2248436.online.pro\/optimal\/wp-content\/uploads\/2021\/04\/110-5-1-768x432.jpg 768w, http:\/\/hosting2248436.online.pro\/optimal\/wp-content\/uploads\/2021\/04\/110-5-1-1536x864.jpg 1536w, http:\/\/hosting2248436.online.pro\/optimal\/wp-content\/uploads\/2021\/04\/110-5-1-1568x882.jpg 1568w\" sizes=\"(max-width: 1920px) 100vw, 1920px\" \/><\/a><\/figure><\/li><li class=\"blocks-gallery-item\"><figure><a href=\"http:\/\/hosting2248436.online.pro\/optimal\/wp-content\/uploads\/2021\/04\/110-6.jpg\"><img decoding=\"async\" width=\"1920\" height=\"1080\" src=\"http:\/\/hosting2248436.online.pro\/optimal\/wp-content\/uploads\/2021\/04\/110-6.jpg\" alt=\"\" data-id=\"687\" data-full-url=\"http:\/\/hosting2248436.online.pro\/optimal\/wp-content\/uploads\/2021\/04\/110-6.jpg\" data-link=\"http:\/\/hosting2248436.online.pro\/optimal\/optimal-110\/110-6\/\" class=\"wp-image-687\" srcset=\"http:\/\/hosting2248436.online.pro\/optimal\/wp-content\/uploads\/2021\/04\/110-6.jpg 1920w, http:\/\/hosting2248436.online.pro\/optimal\/wp-content\/uploads\/2021\/04\/110-6-1280x720.jpg 1280w, http:\/\/hosting2248436.online.pro\/optimal\/wp-content\/uploads\/2021\/04\/110-6-768x432.jpg 768w, http:\/\/hosting2248436.online.pro\/optimal\/wp-content\/uploads\/2021\/04\/110-6-1536x864.jpg 1536w, http:\/\/hosting2248436.online.pro\/optimal\/wp-content\/uploads\/2021\/04\/110-6-1568x882.jpg 1568w\" sizes=\"(max-width: 1920px) 100vw, 1920px\" \/><\/a><\/figure><\/li><li class=\"blocks-gallery-item\"><figure><a href=\"http:\/\/hosting2248436.online.pro\/optimal\/wp-content\/uploads\/2021\/04\/110-7.jpg\"><img decoding=\"async\" width=\"1920\" height=\"1080\" src=\"http:\/\/hosting2248436.online.pro\/optimal\/wp-content\/uploads\/2021\/04\/110-7.jpg\" alt=\"\" data-id=\"688\" data-full-url=\"http:\/\/hosting2248436.online.pro\/optimal\/wp-content\/uploads\/2021\/04\/110-7.jpg\" data-link=\"http:\/\/hosting2248436.online.pro\/optimal\/optimal-110\/110-7\/\" class=\"wp-image-688\" srcset=\"http:\/\/hosting2248436.online.pro\/optimal\/wp-content\/uploads\/2021\/04\/110-7.jpg 1920w, http:\/\/hosting2248436.online.pro\/optimal\/wp-content\/uploads\/2021\/04\/110-7-1280x720.jpg 1280w, http:\/\/hosting2248436.online.pro\/optimal\/wp-content\/uploads\/2021\/04\/110-7-768x432.jpg 768w, http:\/\/hosting2248436.online.pro\/optimal\/wp-content\/uploads\/2021\/04\/110-7-1536x864.jpg 1536w, http:\/\/hosting2248436.online.pro\/optimal\/wp-content\/uploads\/2021\/04\/110-7-1568x882.jpg 1568w\" sizes=\"(max-width: 1920px) 100vw, 1920px\" \/><\/a><\/figure><\/li><li class=\"blocks-gallery-item\"><figure><a href=\"http:\/\/hosting2248436.online.pro\/optimal\/wp-content\/uploads\/2021\/04\/110-8.jpg\"><img decoding=\"async\" width=\"1920\" height=\"1080\" src=\"http:\/\/hosting2248436.online.pro\/optimal\/wp-content\/uploads\/2021\/04\/110-8.jpg\" alt=\"\" data-id=\"689\" data-full-url=\"http:\/\/hosting2248436.online.pro\/optimal\/wp-content\/uploads\/2021\/04\/110-8.jpg\" data-link=\"http:\/\/hosting2248436.online.pro\/optimal\/optimal-110\/110-8\/\" class=\"wp-image-689\" srcset=\"http:\/\/hosting2248436.online.pro\/optimal\/wp-content\/uploads\/2021\/04\/110-8.jpg 1920w, http:\/\/hosting2248436.online.pro\/optimal\/wp-content\/uploads\/2021\/04\/110-8-1280x720.jpg 1280w, http:\/\/hosting2248436.online.pro\/optimal\/wp-content\/uploads\/2021\/04\/110-8-768x432.jpg 768w, http:\/\/hosting2248436.online.pro\/optimal\/wp-content\/uploads\/2021\/04\/110-8-1536x864.jpg 1536w, http:\/\/hosting2248436.online.pro\/optimal\/wp-content\/uploads\/2021\/04\/110-8-1568x882.jpg 1568w\" sizes=\"(max-width: 1920px) 100vw, 1920px\" \/><\/a><\/figure><\/li><\/ul><\/figure>\n","protected":false},"template":"","meta":{"footnotes":""},"product_category":[53,69],"class_list":["post-283","product","type-product","status-publish","hentry","product_category-sciany-mobilne","product_category-sciany-mobilne-optimal-110-kategoria","entry"],"acf":[],"_links":{"self":[{"href":"http:\/\/hosting2248436.online.pro\/optimal\/wp-json\/wp\/v2\/product\/283","targetHints":{"allow":["GET"]}}],"collection":[{"href":"http:\/\/hosting2248436.online.pro\/optimal\/wp-json\/wp\/v2\/product"}],"about":[{"href":"http:\/\/hosting2248436.online.pro\/optimal\/wp-json\/wp\/v2\/types\/product"}],"version-history":[{"count":18,"href":"http:\/\/hosting2248436.online.pro\/optimal\/wp-json\/wp\/v2\/product\/283\/revisions"}],"predecessor-version":[{"id":975,"href":"http:\/\/hosting2248436.online.pro\/optimal\/wp-json\/wp\/v2\/product\/283\/revisions\/975"}],"wp:attachment":[{"href":"http:\/\/hosting2248436.online.pro\/optimal\/wp-json\/wp\/v2\/media?parent=283"}],"wp:term":[{"taxonomy":"product_category","embeddable":true,"href":"http:\/\/hosting2248436.online.pro\/optimal\/wp-json\/wp\/v2\/product_category?post=283"}],"curies":[{"name":"wp","href":"https:\/\/api.w.org\/{rel}","templated":true}]}}