{"id":286,"date":"2021-04-15T16:11:05","date_gmt":"2021-04-15T14:11:05","guid":{"rendered":"http:\/\/wip.pawelhadrian.com\/optimal\/?post_type=product&#038;p=286"},"modified":"2021-06-24T19:32:27","modified_gmt":"2021-06-24T17:32:27","slug":"sciany-mobilne-optimal-110-plus","status":"publish","type":"product","link":"http:\/\/hosting2248436.online.pro\/optimal\/sciany-mobilne-optimal-110-plus\/","title":{"rendered":"Optimal 110 Plus"},"content":{"rendered":"\n<div class=\"wp-block-columns is-layout-flex wp-container-core-columns-is-layout-9d6595d7 wp-block-columns-is-layout-flex\">\n<div class=\"wp-block-column is-layout-flow wp-block-column-is-layout-flow\">\n<h1 class=\"wp-block-heading\"><strong>\u015aciana Mobilna Optimal 110 Plus<\/strong><\/h1>\n\n\n\n<p>\u015aciany mobilne systemu Optimal 110 Plus, s\u0105 najbardziej zaawansowanymi, pod wzgl\u0119dem parametr\u00f3w akustycznych, przegrodami mobilnymi z oferty firmy.&nbsp;<\/p>\n\n\n\n<p>D\u017awi\u0119koizolacyjno\u015b\u0107 akustyczna na poziomie Rw 54dB, pozwala na stosowanie tych produkt\u00f3w w miejscach, gdzie izolacyjno\u015b\u0107 akustyczna ma najwi\u0119ksze znaczenie.<\/p>\n\n\n\n<p>Budowa modu\u0142\u00f3w \u015bcian przesuwnych Optimal 110, pozwala na aplikacj\u0119 tapet, zgodnie z wystrojem wn\u0119trza. <\/p>\n\n\n\n<p>Modu\u0142y \u015bcian Optimal 110 Plus mog\u0105 by\u0107 wyposa\u017cone w ok\u0142adziny zewn\u0119trzne, pe\u0142ni\u0105ce funkcje magnetycznych tablic sucho\u015bcieralnych, co dodatkowo zwi\u0119ksza wszechstronno\u015b\u0107 uzyskanych powsta\u0142ych po roz\u0142o\u017ceniu \u015bcian pomieszcze\u0144. Budowa modu\u0142u umo\u017cliwia zastosowanie dowolnej p\u0142yty ok\u0142adzinowej, zgodnej z klasyfikacj\u0105.&nbsp;<\/p>\n\n\n\n<p>Dost\u0119pne s\u0105 r\u00f3wnie\u017c modu\u0142y <a href=\"http:\/\/hosting2248436.online.pro\/optimal\/optimal-110-plus-glass\/\/\">przeszklonej<\/a>.&nbsp;<\/p>\n\n\n\n<p>\u015aciana ta jest dost\u0119pna w wersji <a href=\"http:\/\/hosting2248436.online.pro\/optimal\/optimal-110-plus-fire\/\" target=\"_blank\" rel=\"noreferrer noopener\">przeciwpo\u017carowej EI30<\/a>.<\/p>\n<\/div>\n\n\n\n<div class=\"wp-block-column is-layout-flow wp-block-column-is-layout-flow\">\n<p><strong>D\u017awi\u0119koizolacyjno\u015b\u0107<\/strong><\/p>\n\n\n\n<ul class=\"wp-block-list\"><li>Rw  54dB<\/li><\/ul>\n\n\n\n<p><strong>Niezapalno\u015b\u0107<\/strong><\/p>\n\n\n\n<ul class=\"wp-block-list\"><li>opcjonalnie \u2013 NRO zgodnie z norm\u0105 PN-EN 13501-1:2019<\/li><\/ul>\n\n\n\n<p><strong>Wersje \/ wyposa\u017cenie \/ opcje<\/strong><\/p>\n\n\n\n<ul class=\"wp-block-list\"><li>manual \/ p\u00f3\u0142automat<\/li><li>modu\u0142y drzwiowe: jednoskrzyd\u0142owe \/ dwuskrzyd\u0142owe<\/li><\/ul>\n\n\n\n<p><strong>Zewn\u0119trzne p\u0142yty ok\u0142adzinowe<\/strong><\/p>\n\n\n\n<ul class=\"wp-block-list\"><li>standard: p\u0142yta meblowa grubo\u015b\u0107 18mm, dekor z palety SwissKrono ONE<\/li><li>opcjonalnie:&nbsp;p\u0142yta meblowa fornirowana, HPL, tablica magnetyczna sucho\u015bcieralna lub inna p\u0142yta grubo\u015bci 18 mm<\/li><\/ul>\n\n\n\n<p><strong>Izolacyjno\u015b\u0107 ogniowa<\/strong><\/p>\n\n\n\n<ul class=\"wp-block-list\"><li>opcja \u2013  EI30 &#8211; wersja <a href=\"http:\/\/hosting2248436.online.pro\/optimal\/optimal-110-plus-fire\/\" target=\"_blank\" rel=\"noreferrer noopener\">Optimal 110 Plus Fire<\/a><\/li><\/ul>\n<\/div>\n<\/div>\n\n\n\n<figure class=\"wp-block-gallery columns-3 is-cropped wp-block-gallery-1 is-layout-flex wp-block-gallery-is-layout-flex\"><ul class=\"blocks-gallery-grid\"><li class=\"blocks-gallery-item\"><figure><a href=\"http:\/\/hosting2248436.online.pro\/optimal\/wp-content\/uploads\/2021\/04\/110-plus-01-g.jpg\"><img decoding=\"async\" width=\"1920\" height=\"1080\" src=\"http:\/\/hosting2248436.online.pro\/optimal\/wp-content\/uploads\/2021\/04\/110-plus-01-g.jpg\" alt=\"\" data-id=\"695\" data-full-url=\"http:\/\/hosting2248436.online.pro\/optimal\/wp-content\/uploads\/2021\/04\/110-plus-01-g.jpg\" data-link=\"http:\/\/hosting2248436.online.pro\/optimal\/optimal-110-plus\/110-plus-01-g\/\" class=\"wp-image-695\" srcset=\"http:\/\/hosting2248436.online.pro\/optimal\/wp-content\/uploads\/2021\/04\/110-plus-01-g.jpg 1920w, http:\/\/hosting2248436.online.pro\/optimal\/wp-content\/uploads\/2021\/04\/110-plus-01-g-1280x720.jpg 1280w, http:\/\/hosting2248436.online.pro\/optimal\/wp-content\/uploads\/2021\/04\/110-plus-01-g-768x432.jpg 768w, http:\/\/hosting2248436.online.pro\/optimal\/wp-content\/uploads\/2021\/04\/110-plus-01-g-1536x864.jpg 1536w, http:\/\/hosting2248436.online.pro\/optimal\/wp-content\/uploads\/2021\/04\/110-plus-01-g-1568x882.jpg 1568w\" sizes=\"(max-width: 1920px) 100vw, 1920px\" \/><\/a><\/figure><\/li><li class=\"blocks-gallery-item\"><figure><a href=\"http:\/\/hosting2248436.online.pro\/optimal\/wp-content\/uploads\/2021\/04\/110-plus-02.jpg\"><img decoding=\"async\" width=\"1920\" height=\"1080\" src=\"http:\/\/hosting2248436.online.pro\/optimal\/wp-content\/uploads\/2021\/04\/110-plus-02.jpg\" alt=\"\" data-id=\"696\" data-full-url=\"http:\/\/hosting2248436.online.pro\/optimal\/wp-content\/uploads\/2021\/04\/110-plus-02.jpg\" data-link=\"http:\/\/hosting2248436.online.pro\/optimal\/optimal-110-plus\/110-plus-02\/\" class=\"wp-image-696\" srcset=\"http:\/\/hosting2248436.online.pro\/optimal\/wp-content\/uploads\/2021\/04\/110-plus-02.jpg 1920w, http:\/\/hosting2248436.online.pro\/optimal\/wp-content\/uploads\/2021\/04\/110-plus-02-1280x720.jpg 1280w, http:\/\/hosting2248436.online.pro\/optimal\/wp-content\/uploads\/2021\/04\/110-plus-02-768x432.jpg 768w, http:\/\/hosting2248436.online.pro\/optimal\/wp-content\/uploads\/2021\/04\/110-plus-02-1536x864.jpg 1536w, http:\/\/hosting2248436.online.pro\/optimal\/wp-content\/uploads\/2021\/04\/110-plus-02-1568x882.jpg 1568w\" sizes=\"(max-width: 1920px) 100vw, 1920px\" \/><\/a><\/figure><\/li><li class=\"blocks-gallery-item\"><figure><a href=\"http:\/\/hosting2248436.online.pro\/optimal\/wp-content\/uploads\/2021\/04\/110-plus-03.jpg\"><img decoding=\"async\" width=\"1920\" height=\"1080\" src=\"http:\/\/hosting2248436.online.pro\/optimal\/wp-content\/uploads\/2021\/04\/110-plus-03.jpg\" alt=\"\" data-id=\"697\" data-full-url=\"http:\/\/hosting2248436.online.pro\/optimal\/wp-content\/uploads\/2021\/04\/110-plus-03.jpg\" data-link=\"http:\/\/hosting2248436.online.pro\/optimal\/optimal-110-plus\/110-plus-03\/\" class=\"wp-image-697\" srcset=\"http:\/\/hosting2248436.online.pro\/optimal\/wp-content\/uploads\/2021\/04\/110-plus-03.jpg 1920w, http:\/\/hosting2248436.online.pro\/optimal\/wp-content\/uploads\/2021\/04\/110-plus-03-1280x720.jpg 1280w, http:\/\/hosting2248436.online.pro\/optimal\/wp-content\/uploads\/2021\/04\/110-plus-03-768x432.jpg 768w, http:\/\/hosting2248436.online.pro\/optimal\/wp-content\/uploads\/2021\/04\/110-plus-03-1536x864.jpg 1536w, http:\/\/hosting2248436.online.pro\/optimal\/wp-content\/uploads\/2021\/04\/110-plus-03-1568x882.jpg 1568w\" sizes=\"(max-width: 1920px) 100vw, 1920px\" \/><\/a><\/figure><\/li><li class=\"blocks-gallery-item\"><figure><a href=\"http:\/\/hosting2248436.online.pro\/optimal\/wp-content\/uploads\/2021\/04\/110-plus-04.jpg\"><img decoding=\"async\" width=\"1920\" height=\"1080\" src=\"http:\/\/hosting2248436.online.pro\/optimal\/wp-content\/uploads\/2021\/04\/110-plus-04.jpg\" alt=\"\" data-id=\"698\" data-full-url=\"http:\/\/hosting2248436.online.pro\/optimal\/wp-content\/uploads\/2021\/04\/110-plus-04.jpg\" data-link=\"http:\/\/hosting2248436.online.pro\/optimal\/optimal-110-plus\/110-plus-04\/\" class=\"wp-image-698\" srcset=\"http:\/\/hosting2248436.online.pro\/optimal\/wp-content\/uploads\/2021\/04\/110-plus-04.jpg 1920w, http:\/\/hosting2248436.online.pro\/optimal\/wp-content\/uploads\/2021\/04\/110-plus-04-1280x720.jpg 1280w, http:\/\/hosting2248436.online.pro\/optimal\/wp-content\/uploads\/2021\/04\/110-plus-04-768x432.jpg 768w, http:\/\/hosting2248436.online.pro\/optimal\/wp-content\/uploads\/2021\/04\/110-plus-04-1536x864.jpg 1536w, http:\/\/hosting2248436.online.pro\/optimal\/wp-content\/uploads\/2021\/04\/110-plus-04-1568x882.jpg 1568w\" sizes=\"(max-width: 1920px) 100vw, 1920px\" \/><\/a><\/figure><\/li><li class=\"blocks-gallery-item\"><figure><a href=\"http:\/\/hosting2248436.online.pro\/optimal\/wp-content\/uploads\/2021\/04\/110-plus-05.jpg\"><img decoding=\"async\" width=\"1920\" height=\"1080\" src=\"http:\/\/hosting2248436.online.pro\/optimal\/wp-content\/uploads\/2021\/04\/110-plus-05.jpg\" alt=\"\" data-id=\"699\" data-full-url=\"http:\/\/hosting2248436.online.pro\/optimal\/wp-content\/uploads\/2021\/04\/110-plus-05.jpg\" data-link=\"http:\/\/hosting2248436.online.pro\/optimal\/optimal-110-plus\/110-plus-05\/\" class=\"wp-image-699\" srcset=\"http:\/\/hosting2248436.online.pro\/optimal\/wp-content\/uploads\/2021\/04\/110-plus-05.jpg 1920w, http:\/\/hosting2248436.online.pro\/optimal\/wp-content\/uploads\/2021\/04\/110-plus-05-1280x720.jpg 1280w, http:\/\/hosting2248436.online.pro\/optimal\/wp-content\/uploads\/2021\/04\/110-plus-05-768x432.jpg 768w, http:\/\/hosting2248436.online.pro\/optimal\/wp-content\/uploads\/2021\/04\/110-plus-05-1536x864.jpg 1536w, http:\/\/hosting2248436.online.pro\/optimal\/wp-content\/uploads\/2021\/04\/110-plus-05-1568x882.jpg 1568w\" sizes=\"(max-width: 1920px) 100vw, 1920px\" \/><\/a><\/figure><\/li><li class=\"blocks-gallery-item\"><figure><a href=\"http:\/\/hosting2248436.online.pro\/optimal\/wp-content\/uploads\/2021\/04\/110-plus-06.jpg\"><img decoding=\"async\" width=\"1920\" height=\"1080\" src=\"http:\/\/hosting2248436.online.pro\/optimal\/wp-content\/uploads\/2021\/04\/110-plus-06.jpg\" alt=\"\" data-id=\"700\" data-full-url=\"http:\/\/hosting2248436.online.pro\/optimal\/wp-content\/uploads\/2021\/04\/110-plus-06.jpg\" data-link=\"http:\/\/hosting2248436.online.pro\/optimal\/optimal-110-plus\/110-plus-06\/\" class=\"wp-image-700\" srcset=\"http:\/\/hosting2248436.online.pro\/optimal\/wp-content\/uploads\/2021\/04\/110-plus-06.jpg 1920w, http:\/\/hosting2248436.online.pro\/optimal\/wp-content\/uploads\/2021\/04\/110-plus-06-1280x720.jpg 1280w, http:\/\/hosting2248436.online.pro\/optimal\/wp-content\/uploads\/2021\/04\/110-plus-06-768x432.jpg 768w, http:\/\/hosting2248436.online.pro\/optimal\/wp-content\/uploads\/2021\/04\/110-plus-06-1536x864.jpg 1536w, http:\/\/hosting2248436.online.pro\/optimal\/wp-content\/uploads\/2021\/04\/110-plus-06-1568x882.jpg 1568w\" sizes=\"(max-width: 1920px) 100vw, 1920px\" \/><\/a><\/figure><\/li><li class=\"blocks-gallery-item\"><figure><a href=\"http:\/\/hosting2248436.online.pro\/optimal\/wp-content\/uploads\/2021\/04\/110-plus-07.jpg\"><img decoding=\"async\" width=\"1920\" height=\"1080\" src=\"http:\/\/hosting2248436.online.pro\/optimal\/wp-content\/uploads\/2021\/04\/110-plus-07.jpg\" alt=\"\" data-id=\"701\" data-full-url=\"http:\/\/hosting2248436.online.pro\/optimal\/wp-content\/uploads\/2021\/04\/110-plus-07.jpg\" data-link=\"http:\/\/hosting2248436.online.pro\/optimal\/optimal-110-plus\/110-plus-07\/\" class=\"wp-image-701\" srcset=\"http:\/\/hosting2248436.online.pro\/optimal\/wp-content\/uploads\/2021\/04\/110-plus-07.jpg 1920w, http:\/\/hosting2248436.online.pro\/optimal\/wp-content\/uploads\/2021\/04\/110-plus-07-1280x720.jpg 1280w, http:\/\/hosting2248436.online.pro\/optimal\/wp-content\/uploads\/2021\/04\/110-plus-07-768x432.jpg 768w, http:\/\/hosting2248436.online.pro\/optimal\/wp-content\/uploads\/2021\/04\/110-plus-07-1536x864.jpg 1536w, http:\/\/hosting2248436.online.pro\/optimal\/wp-content\/uploads\/2021\/04\/110-plus-07-1568x882.jpg 1568w\" sizes=\"(max-width: 1920px) 100vw, 1920px\" \/><\/a><\/figure><\/li><li class=\"blocks-gallery-item\"><figure><a href=\"http:\/\/hosting2248436.online.pro\/optimal\/wp-content\/uploads\/2021\/04\/110-plus-08.jpg\"><img decoding=\"async\" width=\"1920\" height=\"1080\" src=\"http:\/\/hosting2248436.online.pro\/optimal\/wp-content\/uploads\/2021\/04\/110-plus-08.jpg\" alt=\"\" data-id=\"702\" data-full-url=\"http:\/\/hosting2248436.online.pro\/optimal\/wp-content\/uploads\/2021\/04\/110-plus-08.jpg\" data-link=\"http:\/\/hosting2248436.online.pro\/optimal\/optimal-110-plus\/110-plus-08\/\" class=\"wp-image-702\" srcset=\"http:\/\/hosting2248436.online.pro\/optimal\/wp-content\/uploads\/2021\/04\/110-plus-08.jpg 1920w, http:\/\/hosting2248436.online.pro\/optimal\/wp-content\/uploads\/2021\/04\/110-plus-08-1280x720.jpg 1280w, http:\/\/hosting2248436.online.pro\/optimal\/wp-content\/uploads\/2021\/04\/110-plus-08-768x432.jpg 768w, http:\/\/hosting2248436.online.pro\/optimal\/wp-content\/uploads\/2021\/04\/110-plus-08-1536x864.jpg 1536w, http:\/\/hosting2248436.online.pro\/optimal\/wp-content\/uploads\/2021\/04\/110-plus-08-1568x882.jpg 1568w\" sizes=\"(max-width: 1920px) 100vw, 1920px\" \/><\/a><\/figure><\/li><li class=\"blocks-gallery-item\"><figure><a href=\"http:\/\/hosting2248436.online.pro\/optimal\/wp-content\/uploads\/2021\/04\/110-plus-09.jpg\"><img decoding=\"async\" width=\"1920\" height=\"1080\" src=\"http:\/\/hosting2248436.online.pro\/optimal\/wp-content\/uploads\/2021\/04\/110-plus-09.jpg\" alt=\"\" data-id=\"703\" data-full-url=\"http:\/\/hosting2248436.online.pro\/optimal\/wp-content\/uploads\/2021\/04\/110-plus-09.jpg\" data-link=\"http:\/\/hosting2248436.online.pro\/optimal\/optimal-110-plus\/110-plus-09\/\" class=\"wp-image-703\" srcset=\"http:\/\/hosting2248436.online.pro\/optimal\/wp-content\/uploads\/2021\/04\/110-plus-09.jpg 1920w, http:\/\/hosting2248436.online.pro\/optimal\/wp-content\/uploads\/2021\/04\/110-plus-09-1280x720.jpg 1280w, http:\/\/hosting2248436.online.pro\/optimal\/wp-content\/uploads\/2021\/04\/110-plus-09-768x432.jpg 768w, http:\/\/hosting2248436.online.pro\/optimal\/wp-content\/uploads\/2021\/04\/110-plus-09-1536x864.jpg 1536w, http:\/\/hosting2248436.online.pro\/optimal\/wp-content\/uploads\/2021\/04\/110-plus-09-1568x882.jpg 1568w\" sizes=\"(max-width: 1920px) 100vw, 1920px\" \/><\/a><\/figure><\/li><li class=\"blocks-gallery-item\"><figure><a href=\"http:\/\/hosting2248436.online.pro\/optimal\/wp-content\/uploads\/2021\/04\/110-plus-10.jpg\"><img decoding=\"async\" width=\"1920\" height=\"1080\" src=\"http:\/\/hosting2248436.online.pro\/optimal\/wp-content\/uploads\/2021\/04\/110-plus-10.jpg\" alt=\"\" data-id=\"704\" data-full-url=\"http:\/\/hosting2248436.online.pro\/optimal\/wp-content\/uploads\/2021\/04\/110-plus-10.jpg\" data-link=\"http:\/\/hosting2248436.online.pro\/optimal\/optimal-110-plus\/110-plus-10\/\" class=\"wp-image-704\" srcset=\"http:\/\/hosting2248436.online.pro\/optimal\/wp-content\/uploads\/2021\/04\/110-plus-10.jpg 1920w, http:\/\/hosting2248436.online.pro\/optimal\/wp-content\/uploads\/2021\/04\/110-plus-10-1280x720.jpg 1280w, http:\/\/hosting2248436.online.pro\/optimal\/wp-content\/uploads\/2021\/04\/110-plus-10-768x432.jpg 768w, http:\/\/hosting2248436.online.pro\/optimal\/wp-content\/uploads\/2021\/04\/110-plus-10-1536x864.jpg 1536w, http:\/\/hosting2248436.online.pro\/optimal\/wp-content\/uploads\/2021\/04\/110-plus-10-1568x882.jpg 1568w\" sizes=\"(max-width: 1920px) 100vw, 1920px\" \/><\/a><\/figure><\/li><li class=\"blocks-gallery-item\"><figure><a href=\"http:\/\/hosting2248436.online.pro\/optimal\/wp-content\/uploads\/2021\/04\/110-plus-11.jpg\"><img decoding=\"async\" width=\"1920\" height=\"1080\" src=\"http:\/\/hosting2248436.online.pro\/optimal\/wp-content\/uploads\/2021\/04\/110-plus-11.jpg\" alt=\"\" data-id=\"705\" data-full-url=\"http:\/\/hosting2248436.online.pro\/optimal\/wp-content\/uploads\/2021\/04\/110-plus-11.jpg\" data-link=\"http:\/\/hosting2248436.online.pro\/optimal\/optimal-110-plus\/110-plus-11\/\" class=\"wp-image-705\" srcset=\"http:\/\/hosting2248436.online.pro\/optimal\/wp-content\/uploads\/2021\/04\/110-plus-11.jpg 1920w, http:\/\/hosting2248436.online.pro\/optimal\/wp-content\/uploads\/2021\/04\/110-plus-11-1280x720.jpg 1280w, http:\/\/hosting2248436.online.pro\/optimal\/wp-content\/uploads\/2021\/04\/110-plus-11-768x432.jpg 768w, http:\/\/hosting2248436.online.pro\/optimal\/wp-content\/uploads\/2021\/04\/110-plus-11-1536x864.jpg 1536w, http:\/\/hosting2248436.online.pro\/optimal\/wp-content\/uploads\/2021\/04\/110-plus-11-1568x882.jpg 1568w\" sizes=\"(max-width: 1920px) 100vw, 1920px\" \/><\/a><\/figure><\/li><li class=\"blocks-gallery-item\"><figure><a href=\"http:\/\/hosting2248436.online.pro\/optimal\/wp-content\/uploads\/2021\/04\/110-plus-12.jpg\"><img decoding=\"async\" width=\"1920\" height=\"1080\" src=\"http:\/\/hosting2248436.online.pro\/optimal\/wp-content\/uploads\/2021\/04\/110-plus-12.jpg\" alt=\"\" data-id=\"706\" data-full-url=\"http:\/\/hosting2248436.online.pro\/optimal\/wp-content\/uploads\/2021\/04\/110-plus-12.jpg\" data-link=\"http:\/\/hosting2248436.online.pro\/optimal\/optimal-110-plus\/110-plus-12\/\" class=\"wp-image-706\" srcset=\"http:\/\/hosting2248436.online.pro\/optimal\/wp-content\/uploads\/2021\/04\/110-plus-12.jpg 1920w, http:\/\/hosting2248436.online.pro\/optimal\/wp-content\/uploads\/2021\/04\/110-plus-12-1280x720.jpg 1280w, http:\/\/hosting2248436.online.pro\/optimal\/wp-content\/uploads\/2021\/04\/110-plus-12-768x432.jpg 768w, http:\/\/hosting2248436.online.pro\/optimal\/wp-content\/uploads\/2021\/04\/110-plus-12-1536x864.jpg 1536w, http:\/\/hosting2248436.online.pro\/optimal\/wp-content\/uploads\/2021\/04\/110-plus-12-1568x882.jpg 1568w\" sizes=\"(max-width: 1920px) 100vw, 1920px\" \/><\/a><\/figure><\/li><li class=\"blocks-gallery-item\"><figure><a href=\"http:\/\/hosting2248436.online.pro\/optimal\/wp-content\/uploads\/2021\/04\/110-plus-13.jpg\"><img decoding=\"async\" width=\"1920\" height=\"1080\" src=\"http:\/\/hosting2248436.online.pro\/optimal\/wp-content\/uploads\/2021\/04\/110-plus-13.jpg\" alt=\"\" data-id=\"707\" data-full-url=\"http:\/\/hosting2248436.online.pro\/optimal\/wp-content\/uploads\/2021\/04\/110-plus-13.jpg\" data-link=\"http:\/\/hosting2248436.online.pro\/optimal\/optimal-110-plus\/110-plus-13\/\" class=\"wp-image-707\" srcset=\"http:\/\/hosting2248436.online.pro\/optimal\/wp-content\/uploads\/2021\/04\/110-plus-13.jpg 1920w, http:\/\/hosting2248436.online.pro\/optimal\/wp-content\/uploads\/2021\/04\/110-plus-13-1280x720.jpg 1280w, http:\/\/hosting2248436.online.pro\/optimal\/wp-content\/uploads\/2021\/04\/110-plus-13-768x432.jpg 768w, http:\/\/hosting2248436.online.pro\/optimal\/wp-content\/uploads\/2021\/04\/110-plus-13-1536x864.jpg 1536w, http:\/\/hosting2248436.online.pro\/optimal\/wp-content\/uploads\/2021\/04\/110-plus-13-1568x882.jpg 1568w\" sizes=\"(max-width: 1920px) 100vw, 1920px\" \/><\/a><\/figure><\/li><li class=\"blocks-gallery-item\"><figure><a href=\"http:\/\/hosting2248436.online.pro\/optimal\/wp-content\/uploads\/2021\/04\/110-plus-14.jpg\"><img decoding=\"async\" width=\"1920\" height=\"1080\" src=\"http:\/\/hosting2248436.online.pro\/optimal\/wp-content\/uploads\/2021\/04\/110-plus-14.jpg\" alt=\"\" data-id=\"709\" data-full-url=\"http:\/\/hosting2248436.online.pro\/optimal\/wp-content\/uploads\/2021\/04\/110-plus-14.jpg\" data-link=\"http:\/\/hosting2248436.online.pro\/optimal\/optimal-110-plus\/110-plus-14\/\" class=\"wp-image-709\" srcset=\"http:\/\/hosting2248436.online.pro\/optimal\/wp-content\/uploads\/2021\/04\/110-plus-14.jpg 1920w, http:\/\/hosting2248436.online.pro\/optimal\/wp-content\/uploads\/2021\/04\/110-plus-14-1280x720.jpg 1280w, http:\/\/hosting2248436.online.pro\/optimal\/wp-content\/uploads\/2021\/04\/110-plus-14-768x432.jpg 768w, http:\/\/hosting2248436.online.pro\/optimal\/wp-content\/uploads\/2021\/04\/110-plus-14-1536x864.jpg 1536w, http:\/\/hosting2248436.online.pro\/optimal\/wp-content\/uploads\/2021\/04\/110-plus-14-1568x882.jpg 1568w\" sizes=\"(max-width: 1920px) 100vw, 1920px\" \/><\/a><\/figure><\/li><li class=\"blocks-gallery-item\"><figure><a href=\"http:\/\/hosting2248436.online.pro\/optimal\/wp-content\/uploads\/2021\/04\/110-plus-15.jpg\"><img decoding=\"async\" width=\"1920\" height=\"1080\" src=\"http:\/\/hosting2248436.online.pro\/optimal\/wp-content\/uploads\/2021\/04\/110-plus-15.jpg\" alt=\"\" data-id=\"710\" data-full-url=\"http:\/\/hosting2248436.online.pro\/optimal\/wp-content\/uploads\/2021\/04\/110-plus-15.jpg\" data-link=\"http:\/\/hosting2248436.online.pro\/optimal\/optimal-110-plus\/110-plus-15\/\" class=\"wp-image-710\" srcset=\"http:\/\/hosting2248436.online.pro\/optimal\/wp-content\/uploads\/2021\/04\/110-plus-15.jpg 1920w, http:\/\/hosting2248436.online.pro\/optimal\/wp-content\/uploads\/2021\/04\/110-plus-15-1280x720.jpg 1280w, http:\/\/hosting2248436.online.pro\/optimal\/wp-content\/uploads\/2021\/04\/110-plus-15-768x432.jpg 768w, http:\/\/hosting2248436.online.pro\/optimal\/wp-content\/uploads\/2021\/04\/110-plus-15-1536x864.jpg 1536w, http:\/\/hosting2248436.online.pro\/optimal\/wp-content\/uploads\/2021\/04\/110-plus-15-1568x882.jpg 1568w\" sizes=\"(max-width: 1920px) 100vw, 1920px\" \/><\/a><\/figure><\/li><li class=\"blocks-gallery-item\"><figure><a href=\"http:\/\/hosting2248436.online.pro\/optimal\/wp-content\/uploads\/2021\/04\/110-plus-16.jpg\"><img decoding=\"async\" width=\"1920\" height=\"1080\" src=\"http:\/\/hosting2248436.online.pro\/optimal\/wp-content\/uploads\/2021\/04\/110-plus-16.jpg\" alt=\"\" data-id=\"711\" data-full-url=\"http:\/\/hosting2248436.online.pro\/optimal\/wp-content\/uploads\/2021\/04\/110-plus-16.jpg\" data-link=\"http:\/\/hosting2248436.online.pro\/optimal\/optimal-110-plus\/110-plus-16\/\" class=\"wp-image-711\" srcset=\"http:\/\/hosting2248436.online.pro\/optimal\/wp-content\/uploads\/2021\/04\/110-plus-16.jpg 1920w, http:\/\/hosting2248436.online.pro\/optimal\/wp-content\/uploads\/2021\/04\/110-plus-16-1280x720.jpg 1280w, http:\/\/hosting2248436.online.pro\/optimal\/wp-content\/uploads\/2021\/04\/110-plus-16-768x432.jpg 768w, http:\/\/hosting2248436.online.pro\/optimal\/wp-content\/uploads\/2021\/04\/110-plus-16-1536x864.jpg 1536w, http:\/\/hosting2248436.online.pro\/optimal\/wp-content\/uploads\/2021\/04\/110-plus-16-1568x882.jpg 1568w\" sizes=\"(max-width: 1920px) 100vw, 1920px\" \/><\/a><\/figure><\/li><\/ul><\/figure>\n","protected":false},"template":"","meta":{"footnotes":""},"product_category":[53,71],"class_list":["post-286","product","type-product","status-publish","hentry","product_category-sciany-mobilne","product_category-sciany-mobilne-optimal-110-plus-kategoria","entry"],"acf":[],"_links":{"self":[{"href":"http:\/\/hosting2248436.online.pro\/optimal\/wp-json\/wp\/v2\/product\/286","targetHints":{"allow":["GET"]}}],"collection":[{"href":"http:\/\/hosting2248436.online.pro\/optimal\/wp-json\/wp\/v2\/product"}],"about":[{"href":"http:\/\/hosting2248436.online.pro\/optimal\/wp-json\/wp\/v2\/types\/product"}],"version-history":[{"count":15,"href":"http:\/\/hosting2248436.online.pro\/optimal\/wp-json\/wp\/v2\/product\/286\/revisions"}],"predecessor-version":[{"id":976,"href":"http:\/\/hosting2248436.online.pro\/optimal\/wp-json\/wp\/v2\/product\/286\/revisions\/976"}],"wp:attachment":[{"href":"http:\/\/hosting2248436.online.pro\/optimal\/wp-json\/wp\/v2\/media?parent=286"}],"wp:term":[{"taxonomy":"product_category","embeddable":true,"href":"http:\/\/hosting2248436.online.pro\/optimal\/wp-json\/wp\/v2\/product_category?post=286"}],"curies":[{"name":"wp","href":"https:\/\/api.w.org\/{rel}","templated":true}]}}