{"id":302,"date":"2021-04-15T16:20:10","date_gmt":"2021-04-15T14:20:10","guid":{"rendered":"http:\/\/wip.pawelhadrian.com\/optimal\/?post_type=product&#038;p=302"},"modified":"2021-07-10T10:32:38","modified_gmt":"2021-07-10T08:32:38","slug":"sciany-mobilne-optimal-110-sky-plus-sciany-wysokie-11m","status":"publish","type":"product","link":"http:\/\/hosting2248436.online.pro\/optimal\/sciany-mobilne-optimal-110-sky-plus-sciany-wysokie-11m\/","title":{"rendered":"Optimal 110 Sky Plus (11m)"},"content":{"rendered":"\n<div class=\"wp-block-columns is-layout-flex wp-container-core-columns-is-layout-9d6595d7 wp-block-columns-is-layout-flex\">\n<div class=\"wp-block-column is-layout-flow wp-block-column-is-layout-flow\">\n<h1 class=\"wp-block-heading\"><strong>\u015aciana Mobilna Optimal 110 Sky Plus (11m)<\/strong><\/h1>\n\n\n\n<p>OPTIMAL 110 Sky jest systemem mobilnych, wysokich \u015bcian przesuwnych.&nbsp;<\/p>\n\n\n\n<p>Jest to segment dost\u0119pny jedynie dla lider\u00f3w technologicznych rynku.&nbsp;<\/p>\n\n\n\n<p>OPTIMAL Poland odpowiedzialnie opracowa\u0142 technologi\u0119 mobilnych \u015bcian przesuwnych, pozwalaj\u0105c\u0105 na oferowanie swoim klientom wysokich \u015bcian, kt\u00f3re s\u0105 prosty spos\u00f3b zawiadywane, pozwalaj\u0105 podzieli\u0107 wysokie pomieszczenia. Technologia jest sprawdzona przez klient\u00f3w, jej bezpiecze\u0144stwo u\u017cytkowania, jest potwierdzone przez Zak\u0142ad Mechaniki ITB.&nbsp;<\/p>\n\n\n\n<p>\u015aciana przesuwna OPTIMAL 110 Sky jest najwy\u017csz\u0105 mobiln\u0105 \u015bcian\u0105 przesuwn\u0105 w Europie, przebadan\u0105 pod wzgl\u0119dem bezpiecze\u0144stwa u\u017cytkowania i funkcjonalno\u015bci przez akredytowan\u0105 jednostk\u0119 badawcz\u0105. Badania \u015bciany sk\u0142adaj\u0105cej si\u0119 z modu\u0142\u00f3w o wysoko\u015bci 10,85 metr\u00f3w, zosta\u0142y przeprowadzone w 2020 roku przez Zak\u0142ad Mechaniki Instytutu Techniki Budowlanej.<\/p>\n\n\n\n<p>Optimal 110 mo\u017ce by\u0107 zawiadywany p\u00f3\u0142automatycznie. W tej wersji, modu\u0142 \u015bciany przesuwnej, po dotkni\u0119ciu do poprzedniego modu\u0142u rozpiera si\u0119 automatycznie.<\/p>\n<\/div>\n\n\n\n<div class=\"wp-block-column is-layout-flow wp-block-column-is-layout-flow\">\n<p><strong>D\u017awi\u0119koizolacyjno\u015b\u0107<\/strong><\/p>\n\n\n\n<ul class=\"wp-block-list\"><li>Rw: 42dB \/ 46dB \/47dB \/ 50dB \/ 54dB<\/li><\/ul>\n\n\n\n<p><strong>Niezapalno\u015b\u0107:<\/strong>&nbsp;<\/p>\n\n\n\n<ul class=\"wp-block-list\"><li>opcjonalnie \u2013 NRO zgodnie z norm\u0105 PN-EN 13501-1:2019<\/li><\/ul>\n\n\n\n<p><strong>Wersje \/ wyposa\u017cenie \/ opcje<\/strong><\/p>\n\n\n\n<ul class=\"wp-block-list\"><li>manual \/ p\u00f3\u0142automat<\/li><\/ul>\n<\/div>\n<\/div>\n\n\n\n<figure class=\"wp-block-gallery columns-3 is-cropped wp-block-gallery-1 is-layout-flex wp-block-gallery-is-layout-flex\"><ul class=\"blocks-gallery-grid\"><li class=\"blocks-gallery-item\"><figure><a href=\"http:\/\/hosting2248436.online.pro\/optimal\/wp-content\/uploads\/2021\/04\/110-sky-1g.jpg\"><img decoding=\"async\" width=\"1920\" height=\"1080\" src=\"http:\/\/hosting2248436.online.pro\/optimal\/wp-content\/uploads\/2021\/04\/110-sky-1g.jpg\" alt=\"\" data-id=\"729\" data-full-url=\"http:\/\/hosting2248436.online.pro\/optimal\/wp-content\/uploads\/2021\/04\/110-sky-1g.jpg\" data-link=\"http:\/\/hosting2248436.online.pro\/optimal\/optimal-110-sky\/110-sky-1g\/\" class=\"wp-image-729\" srcset=\"http:\/\/hosting2248436.online.pro\/optimal\/wp-content\/uploads\/2021\/04\/110-sky-1g.jpg 1920w, http:\/\/hosting2248436.online.pro\/optimal\/wp-content\/uploads\/2021\/04\/110-sky-1g-1280x720.jpg 1280w, http:\/\/hosting2248436.online.pro\/optimal\/wp-content\/uploads\/2021\/04\/110-sky-1g-768x432.jpg 768w, http:\/\/hosting2248436.online.pro\/optimal\/wp-content\/uploads\/2021\/04\/110-sky-1g-1536x864.jpg 1536w, http:\/\/hosting2248436.online.pro\/optimal\/wp-content\/uploads\/2021\/04\/110-sky-1g-1568x882.jpg 1568w\" sizes=\"(max-width: 1920px) 100vw, 1920px\" \/><\/a><\/figure><\/li><li class=\"blocks-gallery-item\"><figure><a href=\"http:\/\/hosting2248436.online.pro\/optimal\/wp-content\/uploads\/2021\/04\/110-sky-9.jpg\"><img decoding=\"async\" width=\"1920\" height=\"1080\" src=\"http:\/\/hosting2248436.online.pro\/optimal\/wp-content\/uploads\/2021\/04\/110-sky-9.jpg\" alt=\"\" data-id=\"738\" data-full-url=\"http:\/\/hosting2248436.online.pro\/optimal\/wp-content\/uploads\/2021\/04\/110-sky-9.jpg\" data-link=\"http:\/\/hosting2248436.online.pro\/optimal\/optimal-110-sky\/110-sky-9\/\" class=\"wp-image-738\" srcset=\"http:\/\/hosting2248436.online.pro\/optimal\/wp-content\/uploads\/2021\/04\/110-sky-9.jpg 1920w, http:\/\/hosting2248436.online.pro\/optimal\/wp-content\/uploads\/2021\/04\/110-sky-9-1280x720.jpg 1280w, http:\/\/hosting2248436.online.pro\/optimal\/wp-content\/uploads\/2021\/04\/110-sky-9-768x432.jpg 768w, http:\/\/hosting2248436.online.pro\/optimal\/wp-content\/uploads\/2021\/04\/110-sky-9-1536x864.jpg 1536w, http:\/\/hosting2248436.online.pro\/optimal\/wp-content\/uploads\/2021\/04\/110-sky-9-1568x882.jpg 1568w\" sizes=\"(max-width: 1920px) 100vw, 1920px\" \/><\/a><\/figure><\/li><li class=\"blocks-gallery-item\"><figure><a href=\"http:\/\/hosting2248436.online.pro\/optimal\/wp-content\/uploads\/2021\/04\/110-sky-7.jpg\"><img decoding=\"async\" width=\"1920\" height=\"1080\" src=\"http:\/\/hosting2248436.online.pro\/optimal\/wp-content\/uploads\/2021\/04\/110-sky-7.jpg\" alt=\"\" data-id=\"735\" data-full-url=\"http:\/\/hosting2248436.online.pro\/optimal\/wp-content\/uploads\/2021\/04\/110-sky-7.jpg\" data-link=\"http:\/\/hosting2248436.online.pro\/optimal\/optimal-110-sky\/110-sky-7\/\" class=\"wp-image-735\" srcset=\"http:\/\/hosting2248436.online.pro\/optimal\/wp-content\/uploads\/2021\/04\/110-sky-7.jpg 1920w, http:\/\/hosting2248436.online.pro\/optimal\/wp-content\/uploads\/2021\/04\/110-sky-7-1280x720.jpg 1280w, http:\/\/hosting2248436.online.pro\/optimal\/wp-content\/uploads\/2021\/04\/110-sky-7-768x432.jpg 768w, http:\/\/hosting2248436.online.pro\/optimal\/wp-content\/uploads\/2021\/04\/110-sky-7-1536x864.jpg 1536w, http:\/\/hosting2248436.online.pro\/optimal\/wp-content\/uploads\/2021\/04\/110-sky-7-1568x882.jpg 1568w\" sizes=\"(max-width: 1920px) 100vw, 1920px\" \/><\/a><\/figure><\/li><li class=\"blocks-gallery-item\"><figure><a href=\"http:\/\/hosting2248436.online.pro\/optimal\/wp-content\/uploads\/2021\/04\/110-sky-6-1.jpg\"><img decoding=\"async\" width=\"1920\" height=\"1080\" src=\"http:\/\/hosting2248436.online.pro\/optimal\/wp-content\/uploads\/2021\/04\/110-sky-6-1.jpg\" alt=\"\" data-id=\"734\" data-full-url=\"http:\/\/hosting2248436.online.pro\/optimal\/wp-content\/uploads\/2021\/04\/110-sky-6-1.jpg\" data-link=\"http:\/\/hosting2248436.online.pro\/optimal\/optimal-110-sky\/110-sky-6-2\/\" class=\"wp-image-734\" srcset=\"http:\/\/hosting2248436.online.pro\/optimal\/wp-content\/uploads\/2021\/04\/110-sky-6-1.jpg 1920w, http:\/\/hosting2248436.online.pro\/optimal\/wp-content\/uploads\/2021\/04\/110-sky-6-1-1280x720.jpg 1280w, http:\/\/hosting2248436.online.pro\/optimal\/wp-content\/uploads\/2021\/04\/110-sky-6-1-768x432.jpg 768w, http:\/\/hosting2248436.online.pro\/optimal\/wp-content\/uploads\/2021\/04\/110-sky-6-1-1536x864.jpg 1536w, http:\/\/hosting2248436.online.pro\/optimal\/wp-content\/uploads\/2021\/04\/110-sky-6-1-1568x882.jpg 1568w\" sizes=\"(max-width: 1920px) 100vw, 1920px\" \/><\/a><\/figure><\/li><li class=\"blocks-gallery-item\"><figure><a href=\"http:\/\/hosting2248436.online.pro\/optimal\/wp-content\/uploads\/2021\/04\/110-sky-5-1.jpg\"><img decoding=\"async\" width=\"1920\" height=\"1080\" src=\"http:\/\/hosting2248436.online.pro\/optimal\/wp-content\/uploads\/2021\/04\/110-sky-5-1.jpg\" alt=\"\" data-id=\"733\" data-full-url=\"http:\/\/hosting2248436.online.pro\/optimal\/wp-content\/uploads\/2021\/04\/110-sky-5-1.jpg\" data-link=\"http:\/\/hosting2248436.online.pro\/optimal\/optimal-110-sky\/110-sky-5-2\/\" class=\"wp-image-733\" srcset=\"http:\/\/hosting2248436.online.pro\/optimal\/wp-content\/uploads\/2021\/04\/110-sky-5-1.jpg 1920w, http:\/\/hosting2248436.online.pro\/optimal\/wp-content\/uploads\/2021\/04\/110-sky-5-1-1280x720.jpg 1280w, http:\/\/hosting2248436.online.pro\/optimal\/wp-content\/uploads\/2021\/04\/110-sky-5-1-768x432.jpg 768w, http:\/\/hosting2248436.online.pro\/optimal\/wp-content\/uploads\/2021\/04\/110-sky-5-1-1536x864.jpg 1536w, http:\/\/hosting2248436.online.pro\/optimal\/wp-content\/uploads\/2021\/04\/110-sky-5-1-1568x882.jpg 1568w\" sizes=\"(max-width: 1920px) 100vw, 1920px\" \/><\/a><\/figure><\/li><li class=\"blocks-gallery-item\"><figure><a href=\"http:\/\/hosting2248436.online.pro\/optimal\/wp-content\/uploads\/2021\/04\/110-sky-4-1.jpg\"><img decoding=\"async\" width=\"1920\" height=\"1080\" src=\"http:\/\/hosting2248436.online.pro\/optimal\/wp-content\/uploads\/2021\/04\/110-sky-4-1.jpg\" alt=\"\" data-id=\"732\" data-full-url=\"http:\/\/hosting2248436.online.pro\/optimal\/wp-content\/uploads\/2021\/04\/110-sky-4-1.jpg\" data-link=\"http:\/\/hosting2248436.online.pro\/optimal\/optimal-110-sky\/110-sky-4-2\/\" class=\"wp-image-732\" srcset=\"http:\/\/hosting2248436.online.pro\/optimal\/wp-content\/uploads\/2021\/04\/110-sky-4-1.jpg 1920w, http:\/\/hosting2248436.online.pro\/optimal\/wp-content\/uploads\/2021\/04\/110-sky-4-1-1280x720.jpg 1280w, http:\/\/hosting2248436.online.pro\/optimal\/wp-content\/uploads\/2021\/04\/110-sky-4-1-768x432.jpg 768w, http:\/\/hosting2248436.online.pro\/optimal\/wp-content\/uploads\/2021\/04\/110-sky-4-1-1536x864.jpg 1536w, http:\/\/hosting2248436.online.pro\/optimal\/wp-content\/uploads\/2021\/04\/110-sky-4-1-1568x882.jpg 1568w\" sizes=\"(max-width: 1920px) 100vw, 1920px\" \/><\/a><\/figure><\/li><li class=\"blocks-gallery-item\"><figure><a href=\"http:\/\/hosting2248436.online.pro\/optimal\/wp-content\/uploads\/2021\/04\/110-sky-3-1.jpg\"><img decoding=\"async\" width=\"1920\" height=\"1080\" src=\"http:\/\/hosting2248436.online.pro\/optimal\/wp-content\/uploads\/2021\/04\/110-sky-3-1.jpg\" alt=\"\" data-id=\"731\" data-full-url=\"http:\/\/hosting2248436.online.pro\/optimal\/wp-content\/uploads\/2021\/04\/110-sky-3-1.jpg\" data-link=\"http:\/\/hosting2248436.online.pro\/optimal\/optimal-110-sky\/110-sky-3-2\/\" class=\"wp-image-731\" srcset=\"http:\/\/hosting2248436.online.pro\/optimal\/wp-content\/uploads\/2021\/04\/110-sky-3-1.jpg 1920w, http:\/\/hosting2248436.online.pro\/optimal\/wp-content\/uploads\/2021\/04\/110-sky-3-1-1280x720.jpg 1280w, http:\/\/hosting2248436.online.pro\/optimal\/wp-content\/uploads\/2021\/04\/110-sky-3-1-768x432.jpg 768w, http:\/\/hosting2248436.online.pro\/optimal\/wp-content\/uploads\/2021\/04\/110-sky-3-1-1536x864.jpg 1536w, http:\/\/hosting2248436.online.pro\/optimal\/wp-content\/uploads\/2021\/04\/110-sky-3-1-1568x882.jpg 1568w\" sizes=\"(max-width: 1920px) 100vw, 1920px\" \/><\/a><\/figure><\/li><li class=\"blocks-gallery-item\"><figure><a href=\"http:\/\/hosting2248436.online.pro\/optimal\/wp-content\/uploads\/2021\/04\/110-sky-2-1.jpg\"><img decoding=\"async\" width=\"1920\" height=\"1080\" src=\"http:\/\/hosting2248436.online.pro\/optimal\/wp-content\/uploads\/2021\/04\/110-sky-2-1.jpg\" alt=\"\" data-id=\"730\" data-full-url=\"http:\/\/hosting2248436.online.pro\/optimal\/wp-content\/uploads\/2021\/04\/110-sky-2-1.jpg\" data-link=\"http:\/\/hosting2248436.online.pro\/optimal\/optimal-110-sky\/110-sky-2-2\/\" class=\"wp-image-730\" srcset=\"http:\/\/hosting2248436.online.pro\/optimal\/wp-content\/uploads\/2021\/04\/110-sky-2-1.jpg 1920w, http:\/\/hosting2248436.online.pro\/optimal\/wp-content\/uploads\/2021\/04\/110-sky-2-1-1280x720.jpg 1280w, http:\/\/hosting2248436.online.pro\/optimal\/wp-content\/uploads\/2021\/04\/110-sky-2-1-768x432.jpg 768w, http:\/\/hosting2248436.online.pro\/optimal\/wp-content\/uploads\/2021\/04\/110-sky-2-1-1536x864.jpg 1536w, http:\/\/hosting2248436.online.pro\/optimal\/wp-content\/uploads\/2021\/04\/110-sky-2-1-1568x882.jpg 1568w\" sizes=\"(max-width: 1920px) 100vw, 1920px\" \/><\/a><\/figure><\/li><li class=\"blocks-gallery-item\"><figure><a href=\"http:\/\/hosting2248436.online.pro\/optimal\/wp-content\/uploads\/2021\/04\/110-sky-8.jpg\"><img decoding=\"async\" width=\"1920\" height=\"1080\" src=\"http:\/\/hosting2248436.online.pro\/optimal\/wp-content\/uploads\/2021\/04\/110-sky-8.jpg\" alt=\"\" data-id=\"736\" data-full-url=\"http:\/\/hosting2248436.online.pro\/optimal\/wp-content\/uploads\/2021\/04\/110-sky-8.jpg\" data-link=\"http:\/\/hosting2248436.online.pro\/optimal\/optimal-110-sky\/110-sky-8\/\" class=\"wp-image-736\" srcset=\"http:\/\/hosting2248436.online.pro\/optimal\/wp-content\/uploads\/2021\/04\/110-sky-8.jpg 1920w, http:\/\/hosting2248436.online.pro\/optimal\/wp-content\/uploads\/2021\/04\/110-sky-8-1280x720.jpg 1280w, http:\/\/hosting2248436.online.pro\/optimal\/wp-content\/uploads\/2021\/04\/110-sky-8-768x432.jpg 768w, http:\/\/hosting2248436.online.pro\/optimal\/wp-content\/uploads\/2021\/04\/110-sky-8-1536x864.jpg 1536w, http:\/\/hosting2248436.online.pro\/optimal\/wp-content\/uploads\/2021\/04\/110-sky-8-1568x882.jpg 1568w\" sizes=\"(max-width: 1920px) 100vw, 1920px\" \/><\/a><\/figure><\/li><\/ul><\/figure>\n","protected":false},"template":"","meta":{"footnotes":""},"product_category":[53,73],"class_list":["post-302","product","type-product","status-publish","hentry","product_category-sciany-mobilne","product_category-sciany-mobilne-optimal-110-sky-kategoria","entry"],"acf":[],"_links":{"self":[{"href":"http:\/\/hosting2248436.online.pro\/optimal\/wp-json\/wp\/v2\/product\/302","targetHints":{"allow":["GET"]}}],"collection":[{"href":"http:\/\/hosting2248436.online.pro\/optimal\/wp-json\/wp\/v2\/product"}],"about":[{"href":"http:\/\/hosting2248436.online.pro\/optimal\/wp-json\/wp\/v2\/types\/product"}],"version-history":[{"count":13,"href":"http:\/\/hosting2248436.online.pro\/optimal\/wp-json\/wp\/v2\/product\/302\/revisions"}],"predecessor-version":[{"id":980,"href":"http:\/\/hosting2248436.online.pro\/optimal\/wp-json\/wp\/v2\/product\/302\/revisions\/980"}],"wp:attachment":[{"href":"http:\/\/hosting2248436.online.pro\/optimal\/wp-json\/wp\/v2\/media?parent=302"}],"wp:term":[{"taxonomy":"product_category","embeddable":true,"href":"http:\/\/hosting2248436.online.pro\/optimal\/wp-json\/wp\/v2\/product_category?post=302"}],"curies":[{"name":"wp","href":"https:\/\/api.w.org\/{rel}","templated":true}]}}